{"id":6111,"date":"2020-04-27T13:58:50","date_gmt":"2020-04-27T13:58:50","guid":{"rendered":"https:\/\/www.tyman-international.com\/?page_id=6111"},"modified":"2023-01-31T11:34:43","modified_gmt":"2023-01-31T11:34:43","slug":"condizioni-generali-di-vendita-giesse-s-p-a","status":"publish","type":"page","link":"https:\/\/www.tyman-international.com\/it\/condizioni-generali-di-vendita-giesse-s-p-a\/","title":{"rendered":"Condizioni generali di vendita &#8211; Giesse S.p.A"},"content":{"rendered":"\n<p><br>Tali Condizioni Generali regolano il rapporto intercorrente tra GIESSE S.P.A (C.F. 02480780374 e P. IVA 00581811205), Via Tubertini, 1, 40054 Budrio (BO) (nel prosieguo indicata come &#8220;GIESSE&#8221;) ed il CLIENTE.<\/p>\n\n\n\n<ol class=\"wp-block-list\"><li><strong>Ambito di applicazione<\/strong><ol><li>1.1. Tutti gli ordini e le forniture conclusi tra GIESSE ed il CLIENTE sono disciplinati dalle presenti Condizioni Generali, che costituiscono l&#8217;accordo quadro che regola tutti i rapporti contrattuali tra le Parti.<\/li><li>1.2. Esse devono intendersi integralmente richiamate in relazione ad ogni successivo ordine e\/o contratto.<\/li><li>1.3. Le Condizioni Generali contenute nel presente documento risolvono e sostituiscono tutte le precedenti negoziazioni, scritture e i precedenti impegni tra GIESSE ed il CLIENTE e regolano tutti i rapporti in corso.<\/li><li>1.4. Eventuali deroghe alle presenti Condizioni Generali devono essere stipulate in forma scritta; la validit\u00e0 di tali condizioni eccezionali \u00e8 in ogni caso limitata allo specifico ordine per il quale esse sono pattuite. Tali deroghe non devono ritenersi come modifiche delle presenti Condizioni Generali per i precedenti o successivi ordini.<br><br><\/li><\/ol><\/li><li><strong>Ordini<\/strong><ol><li>2.1. Tutti gli ordini di acquisto trasmessi a GIESSE devono essere formulati in forma scritta ed essere completi, cos\u00ec da permettere a GIESSE di individuare con esattezza i prodotti ordinati. Il CLIENTE \u00e8 tenuto a fornire a GIESSE in modo chiaro, univoco e dettagliato tutte le informazioni ed indicazioni necessarie e\/o utili per la corretta esecuzione delle proprie obbligazioni. GIESSE potr\u00e0 in ogni momento richiedere al CLIENTE documentazione e\/o altro materiale utile per l&#8217;esecuzione dell&#8217;obbligazione. Il CLIENTE ha piena ed esclusiva responsabilit\u00e0 in merito a quanto fornito e\/o comunicato a GIESSE.<\/li><li>2.2. In ogni ordine il CLIENTE dovr\u00e0 fare riferimento alle presenti Condizioni Generali, che regolano ogni rapporto tra le parti. Le presenti Condizioni Generali sono comunque applicabili a tutti i rapporti contrattuali tra GIESSE e CLIENTE, a prescindere dal fatto che esse siano state richiamate nell&#8217;ordine.<\/li><li>2.3. Ciascun ordine inoltrato a GIESSE dal CLIENTE costituisce proposta contrattuale, secondo i termini dell&#8217;ordine stesso e delle presenti Condizioni Generali.<\/li><li>2.4. Il contratto \u00e8 concluso al momento della conoscenza (artt. 1326, 1335 c.c.) da parte del CLIENTE della conferma d&#8217;ordine di GIESSE. Tale conferma pu\u00f2 essere data mediante lettera, comunicazione fax o posta elettronica.<\/li><li>2.5. GIESSE mantiene il diritto di modificare in qualunque momento le caratteristiche dei propri prodotti, dandone comunicazione tramite la pubblicazione del catalogo aggiornato.<br><br><\/li><\/ol><\/li><li><strong>Prezzi e modalit\u00e0 di pagamento<\/strong><ol><li>3.1. Il prezzo di vendita applicabile ad ogni singola fornitura \u00e8 quello esposto nei Listini Generali di GIESSE al momento dell&#8217;invio della conferma d&#8217;ordine. Tali prezzi sono validi per un numero di prodotti non inferiore a quello della confezione originale in cui \u00e8 contenuta la merce fornita.<\/li><li>3.2. I prezzi di listino si intendono al netto di IVA e di qualsiasi altra imposta e\/o tassa e\/o dazio.<\/li><li>3.3. L&#8217;IVA \u00e8 applicata secondo la legislazione vigente in materia. Il CLIENTE \u00e8 tenuto a fornire a GIESSE tutte le informazioni necessarie alla corretta applicazione, ad ogni singola fornitura, della normativa vigente sull&#8217;IVA.<\/li><li>3.4. Il luogo di pagamento, anche ai fini della costituzione in mora ex art. 1219 c.c., \u00e8 presso il domicilio di GIESSE, a prescindere dalle modalit\u00e0 di pagamento concordate.<\/li><li>3.5. Le condizioni di pagamento riportate nella conferma d&#8217;ordine e\/o nella fattura emessa di GIESSE, che il CLIENTE si impegna fin d&#8217;ora ad accettare, sono inderogabili. Le condizioni di pagamento accordate tengono sempre conto della facolt\u00e0 di poter affidare le merci al vettore in qualsiasi giorno del mese, in stretta dipendenza ed accordo con l&#8217;organizzazione produttiva dei propri reparti.<\/li><li>3.6. Qualsiasi ritardo e\/o irregolarit\u00e0 nei pagamenti attribuisce a GIESSE, fra l&#8217;altro: a) il diritto di richiedere, con decorrenza dal giorno successivo allo scadere del termine di pagamento, gli interessi moratori sulla somma dovuta, nella misura prevista dalle norme di legge (fra cui il D. LGIESSE. 231\/2002, la L. 24 marzo 2012 n. 27 e la L. 17 dicembre 2012 n. 221 e successive modifiche e integrazioni), fatta salvo il diritto al risarcimento dell&#8217;eventuale maggior danno subito; b) il diritto di sospendere l&#8217;esecuzione delle forniture in corso, anche se non relative al pagamento in questione.<br><br><\/li><\/ol><\/li><li><strong>Consegna<\/strong><ol><li>4.1. I termini di consegna di ogni fornitura indicati nella conferma d&#8217;ordine, che il CLIENTE si impegna fin d&#8217;ora ad accettare, verranno computati a giorni lavorativi e devono intendersi come puramente indicativi e non vincolanti per GIESSE stessa. Nessuna responsabilit\u00e0 pu\u00f2 essere attribuita a GIESSE a causa di una consegna effettuata oltre i termini previsti per le singole forniture.<\/li><li>4.2. Al momento del ricevimento dei prodotti, il CLIENTE \u00e8 tenuto a verificare l&#8217;integrit\u00e0 dei colli e la corrispondenza quantitativa e qualitativa con quanto indicato nel documento accompagnatorio, con conseguente obbligo per il CLIENTE di annotare sul medesimo documento di trasporto, a pena di decadenza, le eventuali discordanze e\/o difformit\u00e0 riscontrate, e di denunciarle entro 8 (otto) giorni a GIESSE.<\/li><li>4.3. Qualora GIESSE, per un qualsiasi motivo, non possa dare corso in maniera unitaria ad un ordine, la stessa potr\u00e0 adempiere la propria obbligazione attraverso consegne parziali, senza che da ci\u00f2 derivi alcuna responsabilit\u00e0 per GIESSE.<\/li><li>4.4. Le modalit\u00e0 di trasporto e consegna, nonch\u00e9 relative all&#8217;attribuzione dei relativi costi, sono determinate nella conferma d&#8217;ordine da GIESSE.<br><br><\/li><\/ol><\/li><li><strong>Garanzie e Limitazioni di responsabilit\u00e0<\/strong><ol><li>5.1. I prodotti forniti da GIESSE non sono coperti da garanzia n\u00e9 per vizi occulti, n\u00e9 per mancanza delle qualit\u00e0 promesse, salvo quanto previsto alle clausole 5.2, 5.3 e 5.4.<\/li><li>5.2. Salvo il caso di dolo e colpa grave, GIESSE non \u00e8 responsabile per alcun danno, sia diretto che indiretto, che possa derivare da qualsivoglia vizio e\/o difformit\u00e0 dei prodotti forniti; in ogni caso, l&#8217;onere di provare il dolo o la colpa grave di GIESSE grava sul CLIENTE.<\/li><li>5.3. L&#8217;eventuale presenza di vizi, difetti o mancanza di qualit\u00e0 dei prodotti, come pure gli errori o le differenze delle dimensioni eccedenti le normali tolleranze di fabbricazione che dovessero essere rilevati e denunciati dal CLIENTE secondo quanto previsto alla clausola 4.2, ad inderogabile condizione che i prodotti forniti non presentino manomissioni di alcun genere e che risultino installati nel pieno rispetto di tutti i parametri tecnici stabiliti da GIESSE e specificamente riportati nelle istruzioni di utilizzo del prodotto, ovvero disponibili nel sito web od ancora, a semplice richiesta, all&#8217;Assistenza Tecnica di GIESSE, obbliga GIESSE a risarcire il CLIENTE tramite, a scelta di GIESSE, la restituzione del prezzo dei prodotti viziati o la loro sostituzione con il medesimo prodotto o uno funzionalmente analogo. In ogni caso, il CLIENTE dovr\u00e0 restituire i prodotti viziati secondo le modalit\u00e0 specificamente indicate da GIESSE.<\/li><li>5.4. Qualora, a termini di quanto previsto dalla clausola 5.3, i prodotti viziati vengano sostituiti da GIESSE, da tale sostituzione non deriver\u00e0 alcuna nuova obbligazione.<br><br><\/li><\/ol><\/li><li><strong>Forza Maggiore<\/strong><ol><li>6.1. In caso di forza maggiore o di interruzione della produzione per qualsiasi causa, anche preesistente alla stipulazione del contratto, che impedisca o ne aggravi l&#8217;esecuzione totale o parziale dell&#8217;ordine, GIESSE avr\u00e0 facolt\u00e0 di protrarre la consegna fino alla cessazione dei detti impedimenti.<\/li><li>6.2. Se, trascorsi sei mesi dal momento del verificarsi dell&#8217;evento di forza maggiore, tale evento non sia ancora cessato o continui comunque a produrre i propri effetti impeditivi rispetto all&#8217;esecuzione della prestazione, l&#8217;ordine si intender\u00e0 risolto.<br><br><\/li><\/ol><\/li><li><strong>Clausola risolutiva espressa<\/strong><ol><li>7.1. Il presente accordo si intender\u00e0 risolto di diritto ai sensi dell&#8217;art. 1456 c.c. e con effetto immediato, previa comunicazione scritta di GIESSE se si verifica la violazione da parte del CLIENTE anche di una soltanto delle obbligazioni previste dagli articoli 3.5 (anche in relazione ad una singola rata e\/o scadenza di pagamento) e 8.1.<\/li><li>7.2. Al momento della risoluzione del contratto ai sensi e per gli effetti del presente articolo, tutte gli ordini non ancora accettati si intenderanno automaticamente revocati e cancellati.<br><br><\/li><\/ol><\/li><li><strong>Diritti di propriet\u00e0 intellettuale \u2013 Impegno alla riservatezza<\/strong><ol><li>8.1. Salvo diverso accordo scritto, il CLIENTE non potr\u00e0 vantare alcun diritto sui marchi di titolarit\u00e0 di GIESSE e\/o di societ\u00e0 da questa direttamente o indirettamente controllate o a questa collegate, n\u00e9 su altri diritti di propriet\u00e0 intellettuale e\/o industriale (ivi inclusi, ma non limitatamente a, le invenzioni, i brevetti, i know-how di ogni prodotto, processo, metodo, macchina e\/o dispositivo, i segreti commerciali, i segni distintivi, i programmi, i dati ed i database) di GIESSE e\/o relativi ai prodotti di GIESSE e\/o di societ\u00e0 da questa direttamente o indirettamente controllate o a questa collegate.<\/li><li>8.2. Il CLIENTE riconosce altres\u00ec che costituiscono informazioni aziendali riservate di GIESSE, fra l&#8217;altro (ma non solo) le informazioni commerciali e di marketing, le informazioni relative ai prezzi dei beni e delle prestazioni, le informazioni tecniche e tecnologiche, il knowhow, i piani e le informazioni relative alle necessit\u00e0 della clientela, i dati, i documenti, i manuali, i processi, i metodi, i diritti immateriali, le condizioni contrattuali riservate alla clientela, gli accordi, le licenze, i programmi, le informazioni finanziarie ed ogni altra informazione fornita da GIESSE (in forma orale ovvero su supporto magnetico, ottico, cartaceo) durante lo svolgimento del rapporto con il CLIENTE, e che le stesse sono da considerare informazioni segrete ai sensi di legge e devono essere mantenute nella massima riservatezza e nell&#8217;esclusivo interesse di GIESSE.<br><br><\/li><\/ol><\/li><li><strong>Trattamento dei dati personali<\/strong><ol><li>9.1. GIESSE ed Il CLIENTE si autorizzano reciprocamente al trattamento dei dati personali che siano connessi con gli adempimenti previsti e\/o comunque dipendenti dai contratti di fornitura fra GIESSE e ed il CLIENTE, nel rispetto della normativa vigente.<br><br><\/li><\/ol><\/li><li><strong>Legge applicabile e foro competente<\/strong><ol><li>10.1. Le presenti Condizioni Generali e tutti i successivi contratti di fornitura conclusi da GIESSE ed il CLIENTE sono disciplinati e regolati dalla legge italiana. Si esclude in ogni caso l&#8217;applicabilit\u00e0 della Convenzione di Vienna sulla vendita internazionale di beni mobili del 1980.<\/li><li>10.2. Per tutte le controversie che dovessero insorgere tra GIESSE e ed il CLIENTE, circa la validit\u00e0 esecuzione, risoluzione, efficacia, interpretazione, responsabilit\u00e0 delle presenti Condizioni Generali, e\/o dei singoli ordini e\/o delle singole forniture, nonch\u00e9 per le controversie dipendenti e\/o comunque connesse a tali rapporti, sar\u00e0 competente in via esclusiva il Foro di Bologna (Italia).<\/li><\/ol><\/li><\/ol>\n","protected":false},"excerpt":{"rendered":"<p>Tali Condizioni Generali regolano il rapporto intercorrente tra GIESSE S.P.A (C.F. 02480780374 e P. IVA 00581811205), Via Tubertini, 1, 40054 Budrio (BO) (nel prosieguo indicata come &#8220;GIESSE&#8221;) ed il CLIENTE. Ambito di applicazione 1.1. Tutti gli ordini e le forniture conclusi tra GIESSE ed il CLIENTE sono disciplinati dalle presenti Condizioni Generali, che costituiscono l&#8217;accordo [&hellip;]<\/p>\n","protected":false},"author":4,"featured_media":0,"parent":0,"menu_order":0,"comment_status":"closed","ping_status":"closed","template":"template-landing.php","meta":{"_acf_changed":false,"footnotes":""},"class_list":["post-6111","page","type-page","status-publish","hentry"],"acf":[],"_links":{"self":[{"href":"https:\/\/www.tyman-international.com\/it\/wp-json\/wp\/v2\/pages\/6111","targetHints":{"allow":["GET"]}}],"collection":[{"href":"https:\/\/www.tyman-international.com\/it\/wp-json\/wp\/v2\/pages"}],"about":[{"href":"https:\/\/www.tyman-international.com\/it\/wp-json\/wp\/v2\/types\/page"}],"author":[{"embeddable":true,"href":"https:\/\/www.tyman-international.com\/it\/wp-json\/wp\/v2\/users\/4"}],"replies":[{"embeddable":true,"href":"https:\/\/www.tyman-international.com\/it\/wp-json\/wp\/v2\/comments?post=6111"}],"version-history":[{"count":0,"href":"https:\/\/www.tyman-international.com\/it\/wp-json\/wp\/v2\/pages\/6111\/revisions"}],"wp:attachment":[{"href":"https:\/\/www.tyman-international.com\/it\/wp-json\/wp\/v2\/media?parent=6111"}],"curies":[{"name":"wp","href":"https:\/\/api.w.org\/{rel}","templated":true}]}}