{"id":5528,"date":"2020-04-14T16:03:37","date_gmt":"2020-04-14T16:03:37","guid":{"rendered":"https:\/\/www.tyman-international.com\/?page_id=5528"},"modified":"2025-04-08T10:39:20","modified_gmt":"2025-04-08T10:39:20","slug":"privacy-policy","status":"publish","type":"page","link":"https:\/\/www.tyman-international.com\/it\/privacy-policy\/","title":{"rendered":"Privacy Policy"},"content":{"rendered":"\n<p>Ai sensi dell\u2019articolo 13 del Regolamento (UE) 2016\/679 generale sulla protezione dei dati (\u201c<strong>Regolamento<\/strong>\u201d), Giesse S.p.A. (\u201c<strong>Societ\u00e0<\/strong>\u201d), fornisce le seguenti informazioni con riferimento ai dati personali forniti dall\u2019utente (\u201c<strong>Soggetto interessato<\/strong>\u201d) nel corso della navigazione sul sito web&nbsp;<a href=\"https:\/\/www.tyman-international.com\/it\/\">www.tyman-international.com<\/a>&nbsp;(il \u201c<strong>Sito<\/strong>\u201d) e i suoi sottodomini.<\/p>\n\n\n\n<p><strong>1<\/strong>. <strong>Titolare del Trattamento<\/strong><br>Giesse SpA, P.IVA 00581811205 con sede legale a Via Tubertini 1 \u2013 40054 Budrio (BO).<br><\/p>\n\n\n\n<p><strong>2. Categorie di dati oggetto di trattamento<\/strong><br>Oggetto di trattamento sono i dati personali (\u201c<strong>Dati Personali<\/strong>\u201d o \u201c<strong>Dati<\/strong>\u201d) forniti dal Soggetto interessato o raccolti dalla Societ\u00e0 nel corso della sua navigazione sul Sito.<\/p>\n\n\n\n<ul class=\"wp-block-list\">\n<li>Dati forniti dal Soggetto interessato: si tratta principalmente dei Dati raccolti nel corso delle interazioni con la Societ\u00e0 tramite i form presenti sul Sito, iscrivendosi alla Newsletter o accedendo alle varie sezioni dell\u2019Area Riservata per i clienti e fornitori e per gli utenti interni di Quanex Interantional. Questi Dati includono il nome, cognome, indirizzo email, numero di telefono, recapito telefonico, azienda, posizione ricoperta, citt\u00e0, username e password;<\/li>\n<\/ul>\n\n\n\n<ul class=\"wp-block-list\">\n<li>Altri Dati trattati: si tratta principalmente dei Dati raccolti nel corso della navigazione del Soggetto interessato sul Sito, come l\u2019indirizzo IP, il sistema operativo del browser utilizzato, i contenuti cliccati e le pagine web visitate.<br>&nbsp;<\/li>\n<\/ul>\n\n\n\n<p><strong>3. Finalit\u00e0 del Trattamento, base giuridica e conseguenze del mancato conferimento dei Dati<\/strong><br>I Dati Personali del Soggetto interessato sono oggetto di trattamento da parte della Societ\u00e0 per i seguenti fini:<\/p>\n\n\n\n<ul class=\"wp-block-list\">\n<li>a) fornire i servizi offerti sul Sito e, in particolare, nell\u2019Area Riservata (per esempio inserimento di ordini, accesso a SharePoint, accesso all\u2019area riservata dedicata ai dipendenti, caricamento di informazioni relative a candidature). L\u2019eventuale rifiuto di fornire tali dati comporter\u00e0 come unica conseguenza l\u2019impossibilit\u00e0 di inviare richieste o informazioni tramite i form e di accedere alle varie sezioni dell\u2019Area Riservata per i clienti e fornitori e per gli utenti interni di Quanex International.<\/li>\n\n\n\n<li>b) adempiere ad obblighi di legge.<\/li>\n<\/ul>\n\n\n\n<p>I Dati Personali verranno trattatati altres\u00ec per contattare i Soggetti interessati per finalit\u00e0 connesse ai servizi e per valutare ulteriori possibilit\u00e0 di collaborazione commerciale (anche in relazione a caratteristiche specifiche del Soggetto interessato o della societ\u00e0 cui appartiene), nonch\u00e9 per aggregare i Dati Personali per finalit\u00e0 statistiche. Tali trattamenti verranno posti in essere sulla base del legittimo interesse della Societ\u00e0 di migliorare il Sito e l\u2019offerta dei propri prodotti e servizi e capire meglio da chi sono fruiti e come.<\/p>\n\n\n\n<p>Il trattamento dei Dati Personali potrebbe avvenire anche nell\u2019ambito dello svolgimento di operazioni di gestione di un eventuale contenzioso o nell\u2019ambito di eventuali vicende societarie (cessione della societ\u00e0 o di rami d\u2019azienda) e nello svolgimento di attivit\u00e0 di&nbsp;<em>due diligence<\/em>. Tali eventuali trattamenti potrebbero essere posti in essere sulla base di un legittimo interesse della Societ\u00e0, la quale intende tutelare i propri interessi e i propri diritti cos\u00ec come riconosciuti dalle normative vigenti nonch\u00e9 svolgere le operazioni di&nbsp;<em>business<\/em>&nbsp;che ritiene pi\u00f9 opportune al fine di migliorare i prodotti e i servizi offerti.<\/p>\n\n\n\n<p>I Dati sono oggetto di trattamento da parte della Societ\u00e0 anche per i seguenti fini:<\/p>\n\n\n\n<ul class=\"wp-block-list\">\n<li>c) (i) permettere che il Soggetto interessato riceva la newsletter con le novit\u00e0 e gli aggiornamenti sui prodotti ed eventi della divisione Quanex International\u00a0, nonch\u00e9 materiale informativo, comunicazioni commerciali e questionari relativi al grado di soddisfazione della clientela; (ii) inviare comunicazioni personalizzate sulla base dello specifico profilo e degli interessi del Soggetto interessato; (iii) permettere che il Soggetto interessato riceva comunicazioni commerciali di cui ai punti (i), (ii) anche dalle altre\u00a0Societ\u00e0 del gruppo Quanex. Il trattamento dei Dati per le finalit\u00e0 di cui ai punti (i), (ii), (iii) \u00e8 facoltativo, ed \u00e8 sottoposto alla prestazione del consenso da parte del Soggetto interessato. L\u2019eventuale rifiuto di fornire tali Dati comporter\u00e0 l\u2019impossibilit\u00e0 di comunicare al Soggetto interessato ogni iniziativa commerciale ed offerta della Societ\u00e0 e\/o delle\u00a0societ\u00e0 del gruppo Quanex, nonch\u00e9 di ricevere informazioni commerciali ritenute rilevanti per il suo profilo.<\/li>\n<\/ul>\n\n\n\n<p>In ogni caso, la Societ\u00e0 potr\u00e0 inviare periodicamente alcune comunicazioni di marketing via email ai propri contatti business. Il contenuto delle suddette comunicazioni via email pu\u00f2 consistere in notizie aziendali rilevanti (es. l\u2019acquisizione di una determinata societ\u00e0), informazioni su nuovi prodotti, servizi e offerte. La Societ\u00e0 svolger\u00e0 tale trattamento al fine di tenere informati i propri contatti business con riferimento alle notizie\/offerte pi\u00f9 rilevanti in merito ai prodotti\/servizi\/eventi della divisione Quanex International. Tali comunicazioni verranno inviate sulla base del legittimo interesse della Societ\u00e0 ed a seguito di una valutazione circa la ragionevole aspettativa di ricevere comunicazioni di questo tipo da parte del relativo destinatario (che \u00e8 un contatto business della Societ\u00e0). In ogni caso, il destinatario in questione potr\u00e0 fare opt-out in qualsiasi momento tramite il meccanismo di disiscrizione presente nelle email.<\/p>\n\n\n\n<p><strong>4. Modalit\u00e0 del Trattamento e periodo di conservazione dei Dati<\/strong><br>I Dati Personali sono trattati principalmente presso la Societ\u00e0 con l\u2019ausilio di mezzi elettronici e manuali idonei a garantirne la sicurezza e riservatezza. In particolare, potranno essere trattati con le seguenti modalit\u00e0:<\/p>\n\n\n\n<ul class=\"wp-block-list\">\n<li>raccolta di dati presso l\u2019interessato;<\/li>\n\n\n\n<li>raccolta di dati presso registri, elenchi atti o documenti pubblici;<\/li>\n\n\n\n<li>registrazione ed elaborazione su supporto cartaceo;<\/li>\n\n\n\n<li>registrazione ed elaborazione su supporto informatico;<\/li>\n\n\n\n<li>organizzazione degli archivi in forma sia automatizzata che non automatizzata<\/li>\n<\/ul>\n\n\n\n<p>I Dati Personali saranno conservati in conformit\u00e0 a quanto previsto dalla vigente normativa in materia, per un periodo di tempo non superiore a quello necessario al conseguimento delle finalit\u00e0 per le quali sono trattati. I criteri per determinare il periodo di conservazione dei Dati tengono conto del periodo di trattamento consentito e delle normative applicabili in materia di fiscalit\u00e0, prescrizione dei diritti e della natura degli interessi legittimi ove costituiscano la base giuridica del trattamento.<\/p>\n\n\n\n<p>In conformit\u00e0 a quanto previsto dalla vigente normativa, i Dati Personali potrebbero essere conservati per un periodo successivo a quello originariamente previsto, in caso di eventuali contenziosi o richieste delle Autorit\u00e0 competenti.<\/p>\n\n\n\n<p>Per quanto riguarda i trattamenti di Dati svolti per finalit\u00e0 di marketing, in assenza di norme specifiche che prevedano tempi di conservazione per le finalit\u00e0 indicate in questa Informativa, la Societ\u00e0 avr\u00e0 cura di utilizzare i Dati Personali per le suddette finalit\u00e0 di marketing per un tempo congruo rispetto all\u2019interesse manifestato dal Soggetto interessato verso le iniziative promozionali, valutato in 5 anni. In ogni caso la Societ\u00e0 adotter\u00e0 ogni accorgimento per evitare un utilizzo dei dati stessi a tempo indeterminato, procedendo con cadenza periodica a verificare in modo idoneo l\u2019effettivo permanere dell\u2019interesse del Soggetto interessato a far svolgere il trattamento per finalit\u00e0 di marketing, come sopra precisato.<\/p>\n\n\n\n<p>Inoltre, con riferimento alle attivit\u00e0 di marketing, le comunicazioni per le finalit\u00e0 indicate al paragrafo 3, lett. e) potranno essere effettuate tramite email, sms, mms, posta cartacea nonch\u00e9 ogni altro mezzo di comunicazione presente e futuro, fermo restando che l\u2019interessato potr\u00e0 opporsi al trattamento effettuato mediante uno o tutti tali mezzi di comunicazione o, in ogni caso, revocare il consenso.<br><\/p>\n\n\n\n<p><strong>5. Ambito di comunicazione e di trasferimento dei Dati<\/strong><br>I Dati Personali saranno resi disponibili ai soggetti autorizzati al loro trattamento nell\u2019ambito della Societ\u00e0 solo ove necessario e per le finalit\u00e0 per cui \u00e8 ammesso un trattamento.<\/p>\n\n\n\n<p>I Dati Personali potranno essere comunicati dalla Societ\u00e0, solo ed esclusivamente per le finalit\u00e0 indicate, oltre che alle competenti Autorit\u00e0 Giudiziarie ove necessario, alle seguenti categorie di soggetti:<\/p>\n\n\n\n<ul class=\"wp-block-list\">\n<li>istituti bancari e creditizi;<\/li>\n\n\n\n<li>imprese di assicurazioni;<\/li>\n\n\n\n<li>consulenti legali;<\/li>\n\n\n\n<li>consulenti fiscali, revisori e commercialisti;<\/li>\n\n\n\n<li>societ\u00e0 di spedizioni;<\/li>\n\n\n\n<li>societ\u00e0 di recupero crediti;<\/li>\n\n\n\n<li>societ\u00e0 che rilevano rischi finanziari e che svolgono attivit\u00e0 di prevenzione delle frodi;<\/li>\n\n\n\n<li>amministrazioni pubbliche e Autorit\u00e0 di vigilanza e controllo;<\/li>\n\n\n\n<li>societ\u00e0 che forniscono servizi informatici;<\/li>\n\n\n\n<li>societ\u00e0 che forniscono servizi di sicurezza e sorveglianza;<\/li>\n\n\n\n<li>societ\u00e0 controllanti e\/o collegate alla Societ\u00e0.<\/li>\n<\/ul>\n\n\n\n<p>Con riferimento ai Dati Personali loro comunicati, i soggetti appartenenti alle categorie sopra riportate potranno operare, a seconda dei casi, in qualit\u00e0 di responsabili del trattamento (e in tal caso riceveranno opportune istruzioni dalla Societ\u00e0) oppure come distinti titolari del trattamento. In quest\u2019ultima ipotesi, i Dati Personali saranno comunicati soltanto con il consenso espresso degli interessati, salvo i casi in cui la comunicazione sia per legge obbligatoria o necessaria oppure per il perseguimento di finalit\u00e0 per le quali non sia richiesto dalla legge il consenso dell\u2019interessato.<\/p>\n\n\n\n<p>Qualora ci\u00f2 sia strumentale al perseguimento delle finalit\u00e0 indicate sopra, i Dati potranno altres\u00ec essere trasferiti all\u2019estero a societ\u00e0 aventi sede sia all\u2019interno sia al di fuori dell\u2019Unione Europea. Alcune di queste giurisdizioni potrebbero non garantire lo stesso livello di tutela dei Dati garantiti dal paese in cui l&#8217;interessato risiede. In tal caso, la Societ\u00e0 si impegna a che i Dati siano trattati con la massima riservatezza stipulando, se necessario, accordi che garantiscano un livello di protezione adeguato e\/o adottando le clausole contrattuali standard previste dalla Commissione Europea.<br><\/p>\n\n\n\n<p><strong>6. Esistenza di un processo decisionale automatizzato<\/strong><br>Non \u00e8 presente un processo decisionale automatizzato in relazione ai Dati.<br><\/p>\n\n\n\n<p><strong>7. Diritti dell\u2019interessato<\/strong><br>In qualsiasi momento, l\u2019interessato avr\u00e0 diritto di:<\/p>\n\n\n\n<ul class=\"wp-block-list\">\n<li>ottenere dalla Societ\u00e0 conferma che sia o meno in corso un trattamento dei propri Dati Personali e in tal caso, di ottenere l\u2019accesso alle informazioni di cui all\u2019art. 15 del Regolamento;<\/li>\n\n\n\n<li>ottenere la rettifica dei Dati inesatti che lo riguardano, ovvero, tenuto conto delle finalit\u00e0 del trattamento, l\u2019integrazione dei Dati Personali incompleti;<\/li>\n\n\n\n<li>ottenere la cancellazione dei suoi Dati Personali, in presenza di uno dei motivi di cui all\u2019art. 17 del Regolamento, ove applicabile;<\/li>\n\n\n\n<li>revocare in qualunque momento il consenso nei casi in cui lo stesso sia stato precedentemente fornito. La revoca del consenso non pregiudica la liceit\u00e0 del trattamento basata sul consenso precedentemente prestato;<\/li>\n\n\n\n<li>ottenere la limitazione del trattamento dei suoi Dati qualora ricorra una delle ipotesi di cui all\u2019art. 18 del Regolamento;<\/li>\n\n\n\n<li>opporsi al trattamento dei propri Dati Personali, per motivi connessi alla sua posizione particolare, ove applicabile;<\/li>\n\n\n\n<li>ricevere in un formato strutturato, di uso comune e leggibile da dispositivo automatico i Dati Personali che lo riguardano forniti nonch\u00e9 di trasmettere tali Dati a un altro titolare del trattamento, nei casi ed entro i limiti di cui all\u2019art. 20 del Regolamento.<\/li>\n<\/ul>\n\n\n\n<p>La Societ\u00e0 potrebbe richiedere ulteriori informazioni prima di evadere le richieste, qualora avesse bisogno di verificare l\u2019identit\u00e0 della persona fisica che le ha presentate.<\/p>\n\n\n\n<p>Ai sensi del Regolamento, la Societ\u00e0 non \u00e8 autorizzata ad addebitare costi per adempiere ad una delle richieste riportate in questo paragrafo, a meno che non siano manifestamente infondate o eccessive, ed in particolare abbiano carattere ripetitivo. Nei casi in cui un Soggetto interessato richieda pi\u00f9 di una copia dei propri dati personali o nei casi di richieste eccessive o infondate, la Societ\u00e0 potrebbe (i) addebitare un contributo spese ragionevole, tenendo conto dei costi amministrativi sostenuti per evadere la richiesta o (ii) rifiutarsi di soddisfare la richiesta. In queste eventualit\u00e0 la Societ\u00e0 informer\u00e0 dei costi la persona interessata prima di evadere la richiesta.<\/p>\n\n\n\n<p>Tali diritti potranno essere esercitati inviando una comunicazione a mezzo posta elettronica all\u2019indirizzo <a href=\"mailto:info.gdpr.international@tyman.com\">info.gdpr.international@tyman.com<\/a>.<\/p>\n\n\n\n<p>Fatto salvo ogni altro ricorso amministrativo o giurisdizionale, l\u2019interessato ha inoltre il diritto di proporre reclamo ad un\u2019Autorit\u00e0 di controllo (per l\u2019Italia: il Garante per la protezione dei Dati Personali), qualora ritenga che il trattamento che lo riguarda sia effettuato in violazione del Regolamento generale sulla protezione dei dati. Ulteriori informazioni sono disponibili sul sito internet <a href=\"http:\/\/www.garanteprivacy.it.\">http:\/\/www.garanteprivacy.it.<\/a><\/p>\n\n\n\n<p>La Societ\u00e0 si impegna a rispettare tutti gli obblighi riportati nella presente informativa. I soggetti interessati che dovessero decidere di proporre i ricorsi o reclami di cui sopra, sono invitati a contattarci.<\/p>\n","protected":false},"excerpt":{"rendered":"<p>Ai sensi dell\u2019articolo 13 del Regolamento (UE) 2016\/679 generale sulla protezione dei dati (\u201cRegolamento\u201d), Giesse S.p.A. (\u201cSociet\u00e0\u201d), fornisce le seguenti informazioni con riferimento ai dati personali forniti dall\u2019utente (\u201cSoggetto interessato\u201d) nel corso della navigazione sul sito web&nbsp;www.tyman-international.com&nbsp;(il \u201cSito\u201d) e i suoi sottodomini. 1. Titolare del TrattamentoGiesse SpA, P.IVA 00581811205 con sede legale a Via Tubertini [&hellip;]<\/p>\n","protected":false},"author":1,"featured_media":6335,"parent":0,"menu_order":0,"comment_status":"closed","ping_status":"closed","template":"","meta":{"_acf_changed":false,"footnotes":""},"class_list":["post-5528","page","type-page","status-publish","has-post-thumbnail","hentry"],"acf":[],"_links":{"self":[{"href":"https:\/\/www.tyman-international.com\/it\/wp-json\/wp\/v2\/pages\/5528","targetHints":{"allow":["GET"]}}],"collection":[{"href":"https:\/\/www.tyman-international.com\/it\/wp-json\/wp\/v2\/pages"}],"about":[{"href":"https:\/\/www.tyman-international.com\/it\/wp-json\/wp\/v2\/types\/page"}],"author":[{"embeddable":true,"href":"https:\/\/www.tyman-international.com\/it\/wp-json\/wp\/v2\/users\/1"}],"replies":[{"embeddable":true,"href":"https:\/\/www.tyman-international.com\/it\/wp-json\/wp\/v2\/comments?post=5528"}],"version-history":[{"count":0,"href":"https:\/\/www.tyman-international.com\/it\/wp-json\/wp\/v2\/pages\/5528\/revisions"}],"wp:featuredmedia":[{"embeddable":true,"href":"https:\/\/www.tyman-international.com\/it\/wp-json\/wp\/v2\/media\/6335"}],"wp:attachment":[{"href":"https:\/\/www.tyman-international.com\/it\/wp-json\/wp\/v2\/media?parent=5528"}],"curies":[{"name":"wp","href":"https:\/\/api.w.org\/{rel}","templated":true}]}}