{"id":5114,"date":"2019-11-15T11:25:11","date_gmt":"2019-11-15T11:25:11","guid":{"rendered":"https:\/\/www.tyman-international.com\/soluzioni-serramenti\/antigerm-handles-hygienic-finish\/"},"modified":"2023-05-08T16:00:55","modified_gmt":"2023-05-08T16:00:55","slug":"antigerm-antibatterico-maniglie","status":"publish","type":"page","link":"https:\/\/www.tyman-international.com\/it\/soluzioni-serramenti\/antigerm-antibatterico-maniglie\/","title":{"rendered":"Antigerm"},"content":{"rendered":"\n<p>Antigerm\u2122 \u00e8 la soluzione ideale per le applicazioni in cui l&#8217;igiene \u00e8 essenziale. Antigerm\u2122 \u00e8 l\u2019esclusivo trattamento antibatterico di Tyman International per le maniglie. La resina su cui \u00e8 basato \u00e8 costituita da ioni d&#8217;argento e vernice a base d&#8217;acqua e non contiene solventi chimici. Antigerm\u2122 \u00e8 la soluzione ideale per le applicazioni in cui \u00e8 essenziale assicurare l&#8217;igiene, quali asili, case di riposo, scuole, ospedali, centri ricreativi, hotel e laboratori. Antigerm\u2122 \u00e8 la soluzione ideale per le applicazioni in cui l&#8217;igiene \u00e8 essenziale.<\/p>\n\n\n\n<div class=\"lyte-wrapper\" title=\"The antibacterial treatment for handles | Antigerm&trade;\" style=\"width:853px;max-width:100%;margin:5px auto;\"><div class=\"lyMe hidef\" id=\"WYL_2T6Yj87YWuU\" itemprop=\"video\" itemscope itemtype=\"https:\/\/schema.org\/VideoObject\"><div><meta itemprop=\"thumbnailUrl\" content=\"https:\/\/i.ytimg.com\/vi\/2T6Yj87YWuU\/maxresdefault.jpg\" \/><meta itemprop=\"embedURL\" content=\"https:\/\/www.youtube.com\/embed\/2T6Yj87YWuU\" \/><meta itemprop=\"duration\" content=\"PT49S\" \/><meta itemprop=\"uploadDate\" content=\"2020-04-06T13:43:26Z\" \/><\/div><meta itemprop=\"accessibilityFeature\" content=\"captions\" \/><div id=\"lyte_2T6Yj87YWuU\" data-src=\"https:\/\/i.ytimg.com\/vi\/2T6Yj87YWuU\/maxresdefault.jpg\" class=\"pL\"><div class=\"tC\"><div class=\"tT\" itemprop=\"name\">The antibacterial treatment for handles | Antigerm\u2122<\/div><\/div><div class=\"play\"><\/div><div class=\"ctrl\"><div class=\"Lctrl\"><\/div><div class=\"Rctrl\"><\/div><\/div><\/div><noscript><a href=\"https:\/\/youtu.be\/2T6Yj87YWuU\" rel=\"nofollow\"><img fetchpriority=\"high\" decoding=\"async\" src=\"https:\/\/i.ytimg.com\/vi\/2T6Yj87YWuU\/0.jpg\" alt=\"The antibacterial treatment for handles | Antigerm&trade;\" width=\"853\" height=\"460\" \/><br \/>Guarda questo video su YouTube<\/a><\/noscript><meta itemprop=\"description\" content=\"Antigerm\u2122 treatment is available on a vast range of handles. Please, contact our Sales Network for more info. Click here for more details: https:\/\/bit.ly\/schlegelgiesse-antigerm-en #SchlegelGiesse #Antigerm #Antibacterial =========================================================== \u041f\u043e\u0441\u0435\u0442\u0438\u0442\u044c \u043d\u0430\u0448 \u0432\u0435\u0431-\u0441\u0430\u0439\u0442: https:\/\/www.schlegelgiesse.com\/ \u041f\u043e\u0434\u043f\u0438\u0441\u0430\u0442\u044c\u0441\u044f \u043d\u0430 \u043d\u0430\u0448\u0438 \u043d\u043e\u0432\u043e\u0441\u0442\u0438: https:\/\/www.schlegelgiesse.com\/subscribe-to-our-newsletter\/ =========================================================== \u0421\u043b\u0435\u0434\u0443\u0439\u0442\u0435 \u0437\u0430 \u043d\u0430\u043c\u0438 \u0432 \u043d\u0430\u0448\u0438\u0445 \u0441\u043e\u0446\u0438\u0430\u043b\u044c\u043d\u044b\u0445 \u043a\u0430\u043d\u0430\u043b\u0430\u0445: - YouTube: \u043f\u043e\u0434\u043f\u0438\u0441\u0430\u0442\u044c\u0441\u044f \u043d\u0430 \u043a\u0430\u043d\u0430\u043b \u0438 \u0430\u043a\u0442\u0438\u0432\u0438\u0440\u043e\u0432\u0430\u0442\u044c \u043a\u043d\u043e\u043f\u043a\u0443 \u0437\u0432\u043e\u043d\u043a\u0430 \ud83d\udd14 https:\/\/www.youtube.com\/channel\/UCKsc4bTj3vPvRDkHjICYToQ?sub_confirmation=1 - LinkedIn: https:\/\/www.linkedin.com\/company\/schlegelgiesse\/\"><\/div><\/div><div class=\"lL\" style=\"max-width:100%;width:853px;margin:5px auto;\"><\/div>\n\n\n\n<h2 class=\"wp-block-heading\"><br><strong>Antigerm\u2122 uccide il 99,99% dei germi<\/strong> e batteri<\/h2>\n\n\n<div class=\"wp-block-image\">\n<figure class=\"alignright size-large is-resized\"><img decoding=\"async\" src=\"https:\/\/www.tyman-international.com\/wp-content\/uploads\/2020\/03\/antigerm-kills-99-germs.png\" alt=\"Antigerm kills 99% of all germs\" class=\"wp-image-3691\" width=\"200\" height=\"200\" srcset=\"https:\/\/www.tyman-international.com\/wp-content\/uploads\/2020\/03\/antigerm-kills-99-germs.png 567w, https:\/\/www.tyman-international.com\/wp-content\/uploads\/2020\/03\/antigerm-kills-99-germs-300x300.png 300w, https:\/\/www.tyman-international.com\/wp-content\/uploads\/2020\/03\/antigerm-kills-99-germs-150x150.png 150w\" sizes=\"(max-width: 200px) 100vw, 200px\" \/><figcaption class=\"wp-element-caption\">Antigerm uccide il 99,99% <br>dei germi e batteri<\/figcaption><\/figure><\/div>\n\n\n<p>Le statistiche dimostrano che i germi e batteri sono fra le cause pi\u00f9 comuni delle malattie. Vivono e proliferano sulle superfici pi\u00f9 utilizzate e sono sempre pi\u00f9 resistenti ai trattamenti antibiotici. \u00c8 nelle cliniche, nelle scuole, negli asili e in altri luoghi pubblici che le maniglie vengono usate di pi\u00f9, spesso da persone a rischio quali bambini o anziani. I batteri e i germi possono insediarsi e diffondersi rapidamente sulle maniglie di questi luoghi, con il rischio di provocare gravi malattie. <\/p>\n\n\n\n<p>Per produrre maniglie sicure da usare in qualsiasi ambiente, Tyman International impiega le tecnologie antibatteriche pi\u00f9 moderne e vanta un team di chimici dedicato. Questo impegno congiunto ha permesso a Tyman International di sviluppare il suo trattamento antibatterico brevettato, Antigerm\u2122, che \u00e8 attivo 24\/7, non richiede manutenzione e uccide il 99,99% dei germi e batteri. <\/p>\n\n\n\n<h2 class=\"wp-block-heading\"><strong>Come funziona?<\/strong>&nbsp;<\/h2>\n\n\n\n<p>Le maniglie trattate rilasciano lentamente ioni d\u2019argento che in pochi minuti uccidono pi\u00f9 di 650 specie di germi e batteri, tra cui Escherichia Coli, Legionella Pneumoniae, Salmonella Enteritidis e altri. Gli ioni sono assolutamente sicuri per gli esseri umani, in quanto attaccano soltanto i germi e batteri inibendo la loro capacit\u00e0 di riproduzione.<\/p>\n\n\n\n<figure class=\"wp-block-image size-large\"><img decoding=\"async\" width=\"682\" height=\"374\" src=\"https:\/\/www.tyman-international.com\/wp-content\/uploads\/2020\/04\/focus-682x374-antigerm-azione.jpg\" alt=\"Come funziona l'Antigerm\" class=\"wp-image-5407\" srcset=\"https:\/\/www.tyman-international.com\/wp-content\/uploads\/2020\/04\/focus-682x374-antigerm-azione.jpg 682w, https:\/\/www.tyman-international.com\/wp-content\/uploads\/2020\/04\/focus-682x374-antigerm-azione-300x165.jpg 300w\" sizes=\"(max-width: 682px) 100vw, 682px\" \/><\/figure>\n\n\n\n<p>Il trattamento Antigerm\u2122 \u00e8 disponibile su una vasta gamma di maniglie. Contatta la nostra Rete Vendite per maggiori informazioni.<\/p>\n\n\n\n<h2 class=\"wp-block-heading\"><strong>Antigerm\u2122 \u00e8 stato testato da enti indipendenti<\/strong><\/h2>\n\n\n\n<p>Il trattamento Antigerm\u2122 \u00e8 stato certificato dai laboratori internazionali IMSL (<a href=\"https:\/\/www.imsl-uk.com\/en\/default.htm\" target=\"_blank\" rel=\"noreferrer noopener\" aria-label=\"UK Industrial Microbiological Services Limited (opens in a new tab)\">UK Industrial Microbiological Services Limited<\/a>), in conformit\u00e0 ai requisiti della norma ISO 22196:2007 (Determinazione dell&#8217;azione antibatterica).<\/p>\n\n\n\n<p>Il trattamento antibatterico \u00e8 stato testato per la resistenza alla&nbsp; corrosione in nebbia salina secondo la norma EN 1670.<\/p>\n","protected":false},"excerpt":{"rendered":"<p>Antigerm\u2122 \u00e8 la soluzione ideale per le applicazioni in cui l&#8217;igiene \u00e8 essenziale. Antigerm\u2122 \u00e8 l\u2019esclusivo trattamento antibatterico di Tyman International per le maniglie. La resina su cui \u00e8 basato \u00e8 costituita da ioni d&#8217;argento e vernice a base d&#8217;acqua e non contiene solventi chimici. Antigerm\u2122 \u00e8 la soluzione ideale per le applicazioni in cui [&hellip;]<\/p>\n","protected":false},"author":1,"featured_media":1460,"parent":5110,"menu_order":10,"comment_status":"closed","ping_status":"closed","template":"template-solutions-child.php","meta":{"_acf_changed":false,"footnotes":""},"class_list":["post-5114","page","type-page","status-publish","has-post-thumbnail","hentry"],"acf":[],"_links":{"self":[{"href":"https:\/\/www.tyman-international.com\/it\/wp-json\/wp\/v2\/pages\/5114","targetHints":{"allow":["GET"]}}],"collection":[{"href":"https:\/\/www.tyman-international.com\/it\/wp-json\/wp\/v2\/pages"}],"about":[{"href":"https:\/\/www.tyman-international.com\/it\/wp-json\/wp\/v2\/types\/page"}],"author":[{"embeddable":true,"href":"https:\/\/www.tyman-international.com\/it\/wp-json\/wp\/v2\/users\/1"}],"replies":[{"embeddable":true,"href":"https:\/\/www.tyman-international.com\/it\/wp-json\/wp\/v2\/comments?post=5114"}],"version-history":[{"count":0,"href":"https:\/\/www.tyman-international.com\/it\/wp-json\/wp\/v2\/pages\/5114\/revisions"}],"up":[{"embeddable":true,"href":"https:\/\/www.tyman-international.com\/it\/wp-json\/wp\/v2\/pages\/5110"}],"wp:featuredmedia":[{"embeddable":true,"href":"https:\/\/www.tyman-international.com\/it\/wp-json\/wp\/v2\/media\/1460"}],"wp:attachment":[{"href":"https:\/\/www.tyman-international.com\/it\/wp-json\/wp\/v2\/media?parent=5114"}],"curies":[{"name":"wp","href":"https:\/\/api.w.org\/{rel}","templated":true}]}}