{"id":37059,"date":"2023-10-25T10:39:45","date_gmt":"2023-10-25T10:39:45","guid":{"rendered":"https:\/\/www.tyman-international.com\/schlegel-seals-colour-chart\/"},"modified":"2024-05-29T08:58:18","modified_gmt":"2024-05-29T08:58:18","slug":"schlegel-seals-colour-chart","status":"publish","type":"page","link":"https:\/\/www.tyman-international.com\/es\/mesa-color-juntas-schlegel\/","title":{"rendered":"Carta de colores de los juntas Schlegel"},"content":{"rendered":"\n<p>Los colores que figuran en los cuadros siguientes son indicativos y s\u00f3lo sirven de referencia. Los colores reales pueden variar.<\/p>\n\n\n\n<h1 class=\"wp-block-heading\">Q-LON<\/h1>\n\n\n\n<h2 class=\"wp-block-heading\">Colores est\u00e1ndar<\/h2>\n\n\n\n<div class=\"wp-block-group\"><div class=\"wp-block-group__inner-container is-layout-constrained wp-block-group-is-layout-constrained\">\n<div class=\"wp-block-columns is-layout-flex wp-container-core-columns-is-layout-9d6595d7 wp-block-columns-is-layout-flex\">\n<div class=\"wp-block-column is-layout-flow wp-block-column-is-layout-flow\" style=\"flex-basis:100%\">\n<figure class=\"wp-block-table is-style-default\"><table class=\"has-fixed-layout\"><thead><tr><th class=\"has-text-align-center\" data-align=\"center\">Color<\/th><th class=\"has-text-align-center\" data-align=\"center\">C\u00f3digo RAL<\/th><th class=\"has-text-align-center\" data-align=\"center\">C\u00f3digo Schlegel<\/th><\/tr><\/thead><tbody><tr bgcolor=\"#f3f3ee\"><td class=\"has-text-align-center\" data-align=\"center\">Blanco<\/td><td class=\"has-text-align-center\" data-align=\"center\">9003<\/td><td class=\"has-text-align-center\" data-align=\"center\">222<\/td><\/tr><tr  bgcolor=\"#959aa0\"><td class=\"has-text-align-center\" data-align=\"center\"><font color=\"#FFFFFF\">Gris plata<\/font><\/td><td class=\"has-text-align-center\" data-align=\"center\"><font color=\"#FFFFFF\">7001<\/font><\/td><td class=\"has-text-align-center\" data-align=\"center\"><font color=\"#FFFFFF\">212<\/font><\/td><\/tr><tr bgcolor=\"#423734\"><td class=\"has-text-align-center\" data-align=\"center\"><font color=\"#FFFFFF\">Marr\u00f3n<\/font><\/td><td class=\"has-text-align-center\" data-align=\"center\"><font color=\"#FFFFFF\">8019<\/font><\/td><td class=\"has-text-align-center\" data-align=\"center\"><font color=\"#FFFFFF\">220<\/font><\/td><\/tr><tr bgcolor=\"#00000\"><td class=\"has-text-align-center\" data-align=\"center\"><font color=\"#FFFFFF\">Negro<\/font><\/td><td class=\"has-text-align-center\" data-align=\"center\"><font color=\"#FFFFFF\">9005<\/font><\/td><td class=\"has-text-align-center\" data-align=\"center\"><font color=\"#FFFFFF\">223<\/font><\/td><\/tr><\/tbody><\/table><\/figure>\n<\/div>\n<\/div>\n<\/div><\/div>\n\n\n\n<div style=\"height:50px\" aria-hidden=\"true\" class=\"wp-block-spacer\"><\/div>\n\n\n\n<h1 class=\"wp-block-heading\">Q-LON<\/h1>\n\n\n\n<h2 class=\"wp-block-heading\">Colores adicionales<\/h2>\n\n\n\n<figure class=\"wp-block-table is-style-default\"><table class=\"has-fixed-layout\"><thead><tr><th class=\"has-text-align-center\" data-align=\"center\">Color<\/th><th class=\"has-text-align-center\" data-align=\"center\">C\u00f3digo RAL<\/th><th class=\"has-text-align-center\" data-align=\"center\">C\u00f3digo Schlegel<\/th><\/tr><\/thead><tbody><tr bgcolor=\"dbcda9\"><td class=\"has-text-align-center\" data-align=\"center\">Beige<\/td><td class=\"has-text-align-center\" data-align=\"center\">1001<\/td><td class=\"has-text-align-center\" data-align=\"center\">211<\/td><\/tr><tr bgcolor=\"834d21\"><td class=\"has-text-align-center\" data-align=\"center\"><font color=\"#FFFFFF\">Roble claro<\/font><\/td><td class=\"has-text-align-center\" data-align=\"center\"><font color=\"#FFFFFF\">8003<\/font><\/td><td class=\"has-text-align-center\" data-align=\"center\"><font color=\"#FFFFFF\">217<\/font><\/td><\/tr>\n\n<tr bgcolor=\"6f4322\"><td class=\"has-text-align-center\" data-align=\"center\"><font color=\"#FFFFFF\">Marr\u00f3n beige<\/font><\/td><td class=\"has-text-align-center\" data-align=\"center\"><font color=\"#FFFFFF\">8007<\/font><\/td><td class=\"has-text-align-center\" data-align=\"center\"><font color=\"#FFFFFF\">218<\/font><\/td><\/tr>\n\n<tr bgcolor=\"f6f3ea\"><td class=\"has-text-align-center\" data-align=\"center\">Blanco puro<\/td><td class=\"has-text-align-center\" data-align=\"center\">9010<\/td><td class=\"has-text-align-center\" data-align=\"center\">221<\/td><\/tr>\n\n<tr bgcolor=\"caccc7\"><td class=\"has-text-align-center\" data-align=\"center\">Gris claro<\/td><td class=\"has-text-align-center\" data-align=\"center\">7035<\/td><td class=\"has-text-align-center\" data-align=\"center\">215<\/td><\/tr>\n\n<tr bgcolor=\"bcb7b7\"><td class=\"has-text-align-center\" data-align=\"center\"><font color=\"#FFFFFF\">Gris polvo<\/font><\/td><td class=\"has-text-align-center\" data-align=\"center\"><font color=\"#FFFFFF\">7032<\/font><\/td><td class=\"has-text-align-center\" data-align=\"center\"><font color=\"#FFFFFF\">213<\/font><\/td><\/tr>\n\n<tr bgcolor=\"494b51\"><td class=\"has-text-align-center\" data-align=\"center\"><font color=\"#FFFFFF\">Gris grafito<\/font><\/td><td class=\"has-text-align-center\" data-align=\"center\"><font color=\"#FFFFFF\">7024<\/font><\/td><td class=\"has-text-align-center\" data-align=\"center\"><font color=\"#FFFFFF\">214<\/font><\/td><\/tr><\/tbody><\/table><\/figure>\n\n\n\n<div style=\"height:100px\" aria-hidden=\"true\" class=\"wp-block-spacer\"><\/div>\n\n\n\n<h1 class=\"wp-block-heading\">CEPILLO DE PELO<\/h1>\n\n\n\n<h2 class=\"wp-block-heading\">Colores est\u00e1ndar monofilamento<\/h2>\n\n\n\n<div class=\"wp-block-group\"><div class=\"wp-block-group__inner-container is-layout-constrained wp-block-group-is-layout-constrained\">\n<div class=\"wp-block-columns is-layout-flex wp-container-core-columns-is-layout-9d6595d7 wp-block-columns-is-layout-flex\">\n<div class=\"wp-block-column is-layout-flow wp-block-column-is-layout-flow\" style=\"flex-basis:100%\">\n<figure class=\"wp-block-table is-style-default\"><table class=\"has-fixed-layout\"><thead><tr><th class=\"has-text-align-center\" data-align=\"center\">Color<\/th><th class=\"has-text-align-center\" data-align=\"center\">C\u00f3digo RAL<\/th><th class=\"has-text-align-center\" data-align=\"center\">C\u00f3digo Schlegel<\/th><\/tr><\/thead><tbody>\n\n<tr  bgcolor=\"#949698\"><td class=\"has-text-align-center\" data-align=\"center\"><font color=\"#FFFFFF\">Gris<\/font><\/td><td class=\"has-text-align-center\" data-align=\"center\"><font color=\"#FFFFFF\">7045<\/font><\/td><td class=\"has-text-align-center\" data-align=\"center\"><font color=\"#FFFFFF\">277<\/font><\/td><\/tr>\n\n<tr bgcolor=\"#1e1e1b\"><td class=\"has-text-align-center\" data-align=\"center\"><font color=\"#FFFFFF\">Negro<\/font><\/td><td class=\"has-text-align-center\" data-align=\"center\"><font color=\"#FFFFFF\">9005<\/font><\/td><td class=\"has-text-align-center\" data-align=\"center\"><font color=\"#FFFFFF\">288<\/font><\/td><\/tr>\n\n<tr bgcolor=\"#ffffff\"><td class=\"has-text-align-center\" data-align=\"center\">Neutral<\/td><td class=\"has-text-align-center\" data-align=\"center\">&#8211;<\/td><td class=\"has-text-align-center\" data-align=\"center\">000<\/td><\/tr><\/tbody><\/table><\/figure>\n<\/div>\n<\/div>\n<\/div><\/div>\n\n\n\n<div style=\"height:50px\" aria-hidden=\"true\" class=\"wp-block-spacer\"><\/div>\n\n\n\n<h1 class=\"wp-block-heading\">CEPILLO DE PELO<\/h1>\n\n\n\n<h2 class=\"wp-block-heading\">Colores est\u00e1ndar multifilamento<\/h2>\n\n\n\n<figure class=\"wp-block-table is-style-default\"><table class=\"has-fixed-layout\"><thead><tr><th class=\"has-text-align-center\" data-align=\"center\">Color<\/th><th class=\"has-text-align-center\" data-align=\"center\">C\u00f3digo RAL<\/th><th class=\"has-text-align-center\" data-align=\"center\">C\u00f3digo Schlegel<\/th><\/tr><\/thead><tbody>\n\n<tr bgcolor=\"b18143\"><td class=\"has-text-align-center\" data-align=\"center\">Beige<\/td><td class=\"has-text-align-center\" data-align=\"center\">1011<\/td><td class=\"has-text-align-center\" data-align=\"center\">241<\/td><\/tr>\n\n<tr bgcolor=\"834d21\"><td class=\"has-text-align-center\" data-align=\"center\"><font color=\"#FFFFFF\">Oro oscuro<\/font><\/td><td class=\"has-text-align-center\" data-align=\"center\"><font color=\"#FFFFFF\">1032<\/font><\/td><td class=\"has-text-align-center\" data-align=\"center\"><font color=\"#FFFFFF\">292<\/font><\/td><\/tr>\n\n<tr bgcolor=\"949698\"><td class=\"has-text-align-center\" data-align=\"center\"><font color=\"#FFFFFF\">Gris<\/font><\/td><td class=\"has-text-align-center\" data-align=\"center\"><font color=\"#FFFFFF\">7045<\/font><\/td><td class=\"has-text-align-center\" data-align=\"center\"><font color=\"#FFFFFF\">277<\/font><\/td><\/tr>\n\n<tr bgcolor=\"7a5942\"><td class=\"has-text-align-center\" data-align=\"center\"><font color=\"#FFFFFF\">Marr\u00f3n claro<\/font><\/td><td class=\"has-text-align-center\" data-align=\"center\"><font color=\"#FFFFFF\">8025<\/font><\/td><td class=\"has-text-align-center\" data-align=\"center\"><font color=\"#FFFFFF\">291<\/font><\/td><\/tr>\n\n<tr bgcolor=\"573f2e\"><td class=\"has-text-align-center\" data-align=\"center\"><font color=\"#FFFFFF\">Marr\u00f3n<\/font><\/td><td class=\"has-text-align-center\" data-align=\"center\"><font color=\"#FFFFFF\">8028<\/font><\/td><td class=\"has-text-align-center\" data-align=\"center\"><font color=\"#FFFFFF\">264<\/font><\/td><\/tr>\n\n<tr bgcolor=\"eeede1\"><td class=\"has-text-align-center\" data-align=\"center\">Blanco<\/td><td class=\"has-text-align-center\" data-align=\"center\">9003<\/td><td class=\"has-text-align-center\" data-align=\"center\">287<\/td><\/tr><\/tbody><\/table><\/figure>\n\n\n\n<div style=\"height:50px\" aria-hidden=\"true\" class=\"wp-block-spacer\"><\/div>\n\n\n\n<h1 class=\"wp-block-heading\">CEPILLO DE PELO<\/h1>\n\n\n\n<h2 class=\"wp-block-heading\">Colores adicionales multifilamento<\/h2>\n\n\n\n<figure class=\"wp-block-table is-style-default\"><table class=\"has-fixed-layout\"><thead><tr><th class=\"has-text-align-center\" data-align=\"center\">Color<\/th><th class=\"has-text-align-center\" data-align=\"center\">C\u00f3digo RAL<\/th><th class=\"has-text-align-center\" data-align=\"center\">C\u00f3digo Schlegel<\/th><\/tr><\/thead><tbody>\n\n<tr bgcolor=\"ecddbe\"><td class=\"has-text-align-center\" data-align=\"center\">Marfil<\/td><td class=\"has-text-align-center\" data-align=\"center\">1015<\/td><td class=\"has-text-align-center\" data-align=\"center\">266<\/td><\/tr>\n\n<tr bgcolor=\"736d62\"><td class=\"has-text-align-center\" data-align=\"center\"><font color=\"#FFFFFF\">Gris hierro<\/font><\/td><td class=\"has-text-align-center\" data-align=\"center\"><font color=\"#FFFFFF\">7011<\/font><\/td><td class=\"has-text-align-center\" data-align=\"center\"><font color=\"#FFFFFF\">240<\/font><\/td><\/tr>\n\n<tr bgcolor=\"7a4f23\"><td class=\"has-text-align-center\" data-align=\"center\"><font color=\"#FFFFFF\">Beige oscuro<\/font><\/td><td class=\"has-text-align-center\" data-align=\"center\"><font color=\"#FFFFFF\">8008<\/font><\/td><td class=\"has-text-align-center\" data-align=\"center\"><font color=\"#FFFFFF\">244<\/font><\/td><\/tr>\n\n<tr bgcolor=\"502127\"><td class=\"has-text-align-center\" data-align=\"center\"><font color=\"#FFFFFF\">Sepia<\/font><\/td><td class=\"has-text-align-center\" data-align=\"center\"><font color=\"#FFFFFF\">8014<\/font><\/td><td class=\"has-text-align-center\" data-align=\"center\"><font color=\"#FFFFFF\">281<\/font><\/td><\/tr><\/tbody><\/table><\/figure>\n\n\n\n<div style=\"height:100px\" aria-hidden=\"true\" class=\"wp-block-spacer\"><\/div>\n\n\n\n<h1 class=\"wp-block-heading\">EXTRUIDAS<\/h1>\n\n\n\n<h2 class=\"wp-block-heading\">Colores est\u00e1ndar<\/h2>\n\n\n\n<div class=\"wp-block-group\"><div class=\"wp-block-group__inner-container is-layout-constrained wp-block-group-is-layout-constrained\">\n<div class=\"wp-block-columns is-layout-flex wp-container-core-columns-is-layout-9d6595d7 wp-block-columns-is-layout-flex\">\n<div class=\"wp-block-column is-layout-flow wp-block-column-is-layout-flow\" style=\"flex-basis:100%\">\n<figure class=\"wp-block-table is-style-default\"><table class=\"has-fixed-layout\"><thead><tr><th class=\"has-text-align-center\" data-align=\"center\">Color<\/th><th class=\"has-text-align-center\" data-align=\"center\">C\u00f3digo RAL<\/th><th class=\"has-text-align-center\" data-align=\"center\">C\u00f3digo Schlegel<\/th><\/tr><\/thead><tbody>\n\n<tr  bgcolor=\"#423734\"><td class=\"has-text-align-center\" data-align=\"center\"><font color=\"#FFFFFF\">Bronce<\/font><\/td><td class=\"has-text-align-center\" data-align=\"center\"><font color=\"#FFFFFF\">8019<\/font><\/td><td class=\"has-text-align-center\" data-align=\"center\"><font color=\"#FFFFFF\">285<\/font><\/td><\/tr>\n\n<tr bgcolor=\"#f3f3ee\"><td class=\"has-text-align-center\" data-align=\"center\">Blanco<\/td><td class=\"has-text-align-center\" data-align=\"center\">9003<\/td><td class=\"has-text-align-center\" data-align=\"center\">287<\/td><\/tr>\n\n<tr bgcolor=\"#000000\"><td class=\"has-text-align-center\" data-align=\"center\"><font color=\"#FFFFFF\">Negro<\/font><\/td><td class=\"has-text-align-center\" data-align=\"center\"><font color=\"#FFFFFF\">9005<\/font><\/td><td class=\"has-text-align-center\" data-align=\"center\"><font color=\"#FFFFFF\">288<\/font><\/td><\/tr> <\/tbody><\/table><\/figure>\n<\/div>\n<\/div>\n<\/div><\/div>\n\n\n\n<div style=\"height:50px\" aria-hidden=\"true\" class=\"wp-block-spacer\"><\/div>\n\n\n\n<h1 class=\"wp-block-heading\">EXTRUIDAS<\/h1>\n\n\n\n<h2 class=\"wp-block-heading\">Colores adicionales<\/h2>\n\n\n\n<figure class=\"wp-block-table is-style-default\"><table class=\"has-fixed-layout\"><thead><tr><th class=\"has-text-align-center\" data-align=\"center\">Color<\/th><th class=\"has-text-align-center\" data-align=\"center\">C\u00f3digo RAL<\/th><th class=\"has-text-align-center\" data-align=\"center\">C\u00f3digo Schlegel<\/th><\/tr><\/thead><tbody>\n\n<tr bgcolor=\"ffffff\"><td class=\"has-text-align-center\" data-align=\"center\">Transl\u00facido<\/td><td class=\"has-text-align-center\" data-align=\"center\">&#8211;<\/td><td class=\"has-text-align-center\" data-align=\"center\">200<\/td><\/tr>\n\n<tr bgcolor=\"d9dacf\"><td class=\"has-text-align-center\" data-align=\"center\">Blanco papiro<\/td><td class=\"has-text-align-center\" data-align=\"center\">9018<\/td><td class=\"has-text-align-center\" data-align=\"center\">265<\/td><\/tr>\n\n<tr bgcolor=\"202227\"><td class=\"has-text-align-center\" data-align=\"center\"><font color=\"#FFFFFF\">Negro grafito<\/font><\/td><td class=\"has-text-align-center\" data-align=\"center\"><font color=\"#FFFFFF\">9011<\/font><\/td><td class=\"has-text-align-center\" data-align=\"center\"><font color=\"#FFFFFF\">268<\/font><\/td><\/tr>\n\n<tr bgcolor=\"dbcda9\"><td class=\"has-text-align-center\" data-align=\"center\">Beige<\/td><td class=\"has-text-align-center\" data-align=\"center\">1001<\/td><td class=\"has-text-align-center\" data-align=\"center\">270<\/td><\/tr>\n\n<tr bgcolor=\"878e98\"><td class=\"has-text-align-center\" data-align=\"center\"><font color=\"#FFFFFF\">Silver Grey<\/font><\/td><td class=\"has-text-align-center\" data-align=\"center\"><font color=\"#FFFFFF\">7001<\/font><\/td><td class=\"has-text-align-center\" data-align=\"center\"><font color=\"#FFFFFF\">271<\/font><\/td><\/tr>\n\n<tr bgcolor=\"494b51\"><td class=\"has-text-align-center\" data-align=\"center\"><font color=\"#FFFFFF\">Gris plata<\/font><\/td><td class=\"has-text-align-center\" data-align=\"center\"><font color=\"#FFFFFF\">7024<\/font><\/td><td class=\"has-text-align-center\" data-align=\"center\"><font color=\"#FFFFFF\">273<\/font><\/td><\/tr>\n\n<tr bgcolor=\"bcb7b7\"><td class=\"has-text-align-center\" data-align=\"center\">Gris grafito<\/td><td class=\"has-text-align-center\" data-align=\"center\">7032<\/td><td class=\"has-text-align-center\" data-align=\"center\">274<\/td><\/tr>\n\n<tr bgcolor=\"caccc7\"><td class=\"has-text-align-center\" data-align=\"center\">Gris claro<\/td><td class=\"has-text-align-center\" data-align=\"center\">7035<\/td><td class=\"has-text-align-center\" data-align=\"center\">275<\/font><\/tr>\n\n<tr bgcolor=\"81807d\"><td class=\"has-text-align-center\" data-align=\"center\"><font color=\"#FFFFFF\">Gris polvo<\/font><\/td><td class=\"has-text-align-center\" data-align=\"center\"><font color=\"#FFFFFF\">7037<\/font><\/td><td class=\"has-text-align-center\" data-align=\"center\"><font color=\"#FFFFFF\">276<\/font><\/td><\/tr>\n\n<tr bgcolor=\"a06325\"><td class=\"has-text-align-center\" data-align=\"center\"><font color=\"#FFFFFF\">Marr\u00f3n ocre<\/font><\/td><td class=\"has-text-align-center\" data-align=\"center\"><font color=\"#FFFFFF\">8001<\/font><\/td><td class=\"has-text-align-center\" data-align=\"center\"><font color=\"#FFFFFF\">278<\/font><\/td><\/tr>\n\n<tr bgcolor=\"62332a\"><td class=\"has-text-align-center\" data-align=\"center\"><font color=\"#FFFFFF\">Casta\u00f1o<\/font><\/td><td class=\"has-text-align-center\" data-align=\"center\"><font color=\"#FFFFFF\">8015<\/font><\/td><td class=\"has-text-align-center\" data-align=\"center\"><font color=\"#FFFFFF\">282<\/font><\/td><\/tr>\n\n<tr bgcolor=\"000000\"><td class=\"has-text-align-center\" data-align=\"center\"><font color=\"#FFFFFF\">Chocolate<\/font><\/td><td class=\"has-text-align-center\" data-align=\"center\"><font color=\"#FFFFFF\">8017<\/font><\/td><td class=\"has-text-align-center\" data-align=\"center\"><font color=\"#FFFFFF\">284<\/font><\/td><\/tr><\/tbody><\/table><\/figure>\n","protected":false},"excerpt":{"rendered":"<p>Los colores que figuran en los cuadros siguientes son indicativos y s\u00f3lo sirven de referencia. Los colores reales pueden variar. Q-LON Colores est\u00e1ndar Color C\u00f3digo RAL C\u00f3digo Schlegel Blanco 9003 222 Gris plata 7001 212 Marr\u00f3n 8019 220 Negro 9005 223 Q-LON Colores adicionales Color C\u00f3digo RAL C\u00f3digo Schlegel Beige 1001 211 Roble claro 8003 [&hellip;]<\/p>\n","protected":false},"author":5,"featured_media":0,"parent":0,"menu_order":0,"comment_status":"closed","ping_status":"closed","template":"","meta":{"_acf_changed":false,"footnotes":""},"class_list":["post-37059","page","type-page","status-publish","hentry"],"acf":[],"_links":{"self":[{"href":"https:\/\/www.tyman-international.com\/es\/wp-json\/wp\/v2\/pages\/37059","targetHints":{"allow":["GET"]}}],"collection":[{"href":"https:\/\/www.tyman-international.com\/es\/wp-json\/wp\/v2\/pages"}],"about":[{"href":"https:\/\/www.tyman-international.com\/es\/wp-json\/wp\/v2\/types\/page"}],"author":[{"embeddable":true,"href":"https:\/\/www.tyman-international.com\/es\/wp-json\/wp\/v2\/users\/5"}],"replies":[{"embeddable":true,"href":"https:\/\/www.tyman-international.com\/es\/wp-json\/wp\/v2\/comments?post=37059"}],"version-history":[{"count":0,"href":"https:\/\/www.tyman-international.com\/es\/wp-json\/wp\/v2\/pages\/37059\/revisions"}],"wp:attachment":[{"href":"https:\/\/www.tyman-international.com\/es\/wp-json\/wp\/v2\/media?parent=37059"}],"curies":[{"name":"wp","href":"https:\/\/api.w.org\/{rel}","templated":true}]}}