{"id":22384,"date":"2022-01-17T15:10:39","date_gmt":"2022-01-17T15:10:39","guid":{"rendered":"https:\/\/www.tyman-international.com\/politica-de-privacidad\/"},"modified":"2025-04-08T10:40:47","modified_gmt":"2025-04-08T10:40:47","slug":"politica-de-privacidad","status":"publish","type":"page","link":"https:\/\/www.tyman-international.com\/es\/politica-de-privacidad\/","title":{"rendered":"Pol\u00edtica de privacidad"},"content":{"rendered":"\n<p>En virtud del art\u00edculo 13 del Reglamento General de Protecci\u00f3n de Datos 2016\/679 (<strong>RGPD<\/strong>), Giesse S.p.A. (la \u00ab<strong>Empresa<\/strong>\u00bb), facilita la siguiente informaci\u00f3n en lo que respecta a los datos personales proporcionados por el usuario (el \u00abTitular de los datos\u00bb) durante su navegaci\u00f3n por el sitio web&nbsp;<a href=\"https:\/\/www.tyman-international.com\/es\/\">www.tyman-international.com<\/a>&nbsp;(el \u00abSitio web\u00bb) y los subdominios pertinentes.<\/p>\n\n\n\n<p><strong>1<\/strong>. <strong>Controlador de los datos<\/strong><br>Giesse SpA, n.\u00ba IVA 00581811205 con sede social en Via Tubertini 1 \u2013 40054 Budrio (BO).<br><\/p>\n\n\n\n<p><strong>2. Categor\u00edas de datos procesados<\/strong><br>Los datos personales (los \u00ab<strong>Datos personales<\/strong>\u00bb o los \u00ab<strong>Datos<\/strong>\u00bb) suministrados por el Titular de los datos o que la Empresa recoge durante su navegaci\u00f3n por el Sitio web son tratados por la Empresa.<\/p>\n\n\n\n<ul class=\"wp-block-list\">\n<li><em>Datos facilitados por el Titular de los datos<\/em>: esto se refiere principalmente a los Datos recogidos durante las interacciones con la Empresa a trav\u00e9s de los formularios presentes en el Sitio web o en el momento de la suscripci\u00f3n a la newsletter, o bien al acceder al \u00e1rea reservada dedicada a los clientes, proveedores y al personal de Quanex International. Estos Datos incluyen nombre, apellido, direcci\u00f3n de correo electr\u00f3nico, n\u00famero de tel\u00e9fono, empresa, cargo, ciudad, nombre de usuario y contrase\u00f1a.<\/li>\n<\/ul>\n\n\n\n<ul class=\"wp-block-list\">\n<li><em>Otros Datos tratados<\/em>: esto se refiere principalmente a los Datos recogidos durante la navegaci\u00f3n por el sitio web, como direcci\u00f3n IP, sistema operativo del navegador empleado, contenido al que se ha accedido y p\u00e1ginas web visitadas.<br><\/li>\n<\/ul>\n\n\n\n<p><br><strong>3. Prop\u00f3sito del tratamiento, base legal y consecuencias de la negativa a suministrar los Datos<\/strong><br>La Empresa trata los Datos con los siguientes prop\u00f3sitos:<\/p>\n\n\n\n<ul class=\"wp-block-list\">\n<li>a) para prestar los servicios ofrecidos a trav\u00e9s del sitio web y, en particular, en el \u00c1rea reservada (p. ej., para formular pedidos, acceder a SharePoint, acceder al \u00e1rea reservada al personal, subir informaci\u00f3n relacionada con las aplicaciones). Una posible negativa a suministrar los Datos personales para cumplir los prop\u00f3sitos especificados imposibilitar\u00e1 el env\u00edo de solicitudes o de informaci\u00f3n a trav\u00e9s de los formularios o el acceso al \u00c1rea reservada a los clientes, proveedores y al personal de Quanex International;<\/li>\n<\/ul>\n\n\n\n<ul class=\"wp-block-list\">\n<li>b) para cumplir las obligaciones legales;<\/li>\n<\/ul>\n\n\n\n<p>Los Datos personales tambi\u00e9n se tratar\u00e1n para contactar a los Titulares de los datos con finalidades relacionadas con los servicios y para evaluar futuras posibilidades de colaboraci\u00f3n comercial (tambi\u00e9n en relaci\u00f3n con caracter\u00edsticas espec\u00edficas del Titular de los datos o de la empresa a la cual pertenece), as\u00ed como para agregar los Datos para fines estad\u00edsticos. Dicho tratamiento se realizar\u00e1 en funci\u00f3n del inter\u00e9s leg\u00edtimo de la Empresa en mejorar el Sitio web y la oferta de sus productos y servicios y comprender mejor qui\u00e9nes los utilizan y de qu\u00e9 forma. <\/p>\n\n\n\n<p>El tratamiento de los Datos personales tambi\u00e9n puede realizarse para gestionar posibles disputas o en concomitancia con posibles eventos corporativos (venta de la empresa o empresa en funcionamiento) y en la ejecuci\u00f3n del ejercicio de diligencia debida. Dicho tratamiento se puede realizar en funci\u00f3n del inter\u00e9s leg\u00edtimo de la empresa, que tutelar\u00e1 sus intereses y derechos en virtud de las leyes pertinentes y para realizar las operaciones comerciales m\u00e1s indicadas para mejorar los productos y servicios ofrecidos.<\/p>\n\n\n\n<p>Asimismo, la Empresa trata los Datos con los siguientes prop\u00f3sitos:<\/p>\n\n\n\n<ul class=\"wp-block-list\">\n<li>c) (i) para hacer llegar a los Titulares de los datos newsletters con noticias sobre los productos o actualizaciones sobre los eventos della divisi\u00f3n Quanex International, material informativo, comunicaciones comerciales y cuestionarios para conocer el nivel de satisfacci\u00f3n del cliente; (ii) para enviar a los Titulares de los datos comunicaciones personalizadas y, por tanto, a medida seg\u00fan sus perfiles e intereses; (iii) para enviar a los Titulares de los datos las comunicaciones comerciales mencionadas en los puntos (i), (ii) tambi\u00e9n de otras\u00a0empresas del grupo Quanex. El tratamiento de los Datos para los prop\u00f3sitos descritos en los puntos (i), (ii), (iii) es opcional y est\u00e1 sujeto al consentimiento del Titular de los datos mismos. La posible negativa a proporcionar dichos Datos comportar\u00e1 la imposibilidad de comunicaci\u00f3n de cualquier iniciativa comercial y oferta de la Empresa y\/o de las\u00a0empresas del grupo Quanex\u00a0al Titular de los datos, as\u00ed como de recibir la informaci\u00f3n comercial que se considere pertinente en funci\u00f3n de su perfil.<\/li>\n<\/ul>\n\n\n\n<p>De cualquier manera, la Empresa podr\u00eda enviar comunicaciones de marketing opcionales por correo electr\u00f3nico a sus contactos comerciales. El contenido de dichas comunicaciones enviadas por correo electr\u00f3nico incluye noticias de la empresa (p. ej., la adquisici\u00f3n de alguna empresa) o informaci\u00f3n sobre nuevos productos, servicios y ofertas. La Empresa se encargar\u00e1 de realizar el tratamiento para mantener informados a sus contactos comerciales sobre las principales iniciativas\/ofertas relevantes en relaci\u00f3n con los productos\/servicios\/eventos del divisi\u00f3n Quanex International. Dichas comunicaciones se enviar\u00e1n en funci\u00f3n del inter\u00e9s leg\u00edtimo de la empresa y tras una evaluaci\u00f3n de las expectativas razonables de recepci\u00f3n de dicho tipo de comunicaciones por parte del posible destinatario (quien ser\u00e1 siempre un contacto comercial de la Empresa). De cualquier manera, el destinatario en cuesti\u00f3n podr\u00e1 optar por anular la suscripci\u00f3n en cualquier momento siguiendo las instrucciones pertinentes suministradas en los mensajes de correo electr\u00f3nico que reciba.&nbsp;&nbsp;<br><\/p>\n\n\n\n<p><strong>4. Modalidades del tratamiento y per\u00edodo de conservaci\u00f3n de los Datos<\/strong><br>Los Datos son tratados principalmente por la Empresa a trav\u00e9s de medios electr\u00f3nicos y manuales aptos para garantizar la seguridad y confidencialidad de los mismos. En concreto, pueden tratarse con las siguientes modalidades:<\/p>\n\n\n\n<ul class=\"wp-block-list\">\n<li>recogida de datos del Titular de los datos;<\/li>\n\n\n\n<li>recogida de datos a partir de registros, listas de documentos o documentos p\u00fablicos;<\/li>\n\n\n\n<li>registro y tratamiento a trav\u00e9s de medios tradicionales (impresos);<\/li>\n\n\n\n<li>registro y tratamiento a trav\u00e9s de TI;<\/li>\n\n\n\n<li>organizaci\u00f3n automatizada y no automatizada de los archivos.<\/li>\n<\/ul>\n\n\n\n<p>Los Datos personales se conservar\u00e1n de acuerdo con las disposiciones legislativas pertinentes, durante el tiempo en que se necesiten para cumplir los prop\u00f3sitos para los cuales se tratan. El criterio para determinar el per\u00edodo de conservaci\u00f3n de los Datos debe tener en cuenta el per\u00edodo de tratamiento permitido y las leyes fiscales pertinentes, el plazo de prescripci\u00f3n correspondiente y la naturaleza de los intereses leg\u00edtimos donde constituyan la base legal del proceso.<\/p>\n\n\n\n<p>En virtud de las leyes pertinentes, los Datos personales se podr\u00e1n conservar durante un per\u00edodo m\u00e1s largo que el indicado inicialmente, en caso de controversias o cuando las autoridades competentes lo exijan.<\/p>\n\n\n\n<p>En lo que respecta a los Datos personales tratados en el \u00e1mbito de las actividades de marketing, las comunicaciones para los prop\u00f3sitos mencionados en el apartado 3, letra e), pueden realizarse por correo electr\u00f3nico, sms, mms, correo postal u otros medios de comunicaci\u00f3n actuales o futuros, siempre y cuando el Titular de los datos tenga la posibilidad de oponerse al tratamiento mediante uno o m\u00e1s de dichos de medios de comunicaci\u00f3n o revocar su consentimiento.<\/p>\n\n\n\n<p>Los Datos personales tratados en el \u00e1mbito de las actividades de marketing, se conservar\u00e1n de acuerdo con las disposiciones legislativas vigentes pertinentes, durante el tiempo en que se necesiten para cumplir los prop\u00f3sitos para los cuales se tratan. De no haber de reglas espec\u00edficas que rijan el per\u00edodo de conservaci\u00f3n para los prop\u00f3sitos mencionados en la presente pol\u00edtica, la Empresa usar\u00e1 los Datos personales para los prop\u00f3sitos de marketing anteriormente mencionados durante el per\u00edodo de tiempo apropiado de acuerdo con los intereses que el Titular de los datos haya manifestado en cuanto a las iniciativas promocionales, que ser\u00e1 de 5 a\u00f1os. De cualquier manera, la Empresa adoptar\u00e1 las medidas necesarias para evitar el uso de los Datos durante un per\u00edodo de tiempo indefinido y verificar\u00e1 peri\u00f3dicamente, de manera adecuada, si el Titular de los datos sigue manifestando su inter\u00e9s en el tratamiento de los mismos para efectos de marketing, seg\u00fan se ha especificado anteriormente.<br><\/p>\n\n\n\n<p><strong>5. Comunicaci\u00f3n y transmisi\u00f3n de los Datos<\/strong><br>Los Datos personales se pondr\u00e1n a disposici\u00f3n de las personas autorizadas para su tratamiento en el \u00e1mbito de la Empresa, solo en los casos necesarios y para los prop\u00f3sitos para los cuales se ha autorizado el tratamiento.<\/p>\n\n\n\n<p>Solo para los prop\u00f3sitos indicados, en los casos necesarios, la Empresa podr\u00e1 comunicar los Datos personales a las autoridades competentes y a las siguientes categor\u00edas de sujetos:<\/p>\n\n\n\n<ul class=\"wp-block-list\">\n<li>bancos e institutos de cr\u00e9dito;<\/li>\n\n\n\n<li>aseguradoras;<\/li>\n\n\n\n<li>asesores jur\u00eddicos;<\/li>\n\n\n\n<li>asesores fiscales, auditores y contables;<\/li>\n\n\n\n<li>transportistas;<\/li>\n\n\n\n<li>firmas de recuperaci\u00f3n de deudas;<\/li>\n\n\n\n<li>empresas de cobros;<\/li>\n\n\n\n<li>administraci\u00f3n p\u00fablica y autoridades de control y supervisi\u00f3n;<\/li>\n\n\n\n<li>empresas que prestan servicios de TI;<\/li>\n\n\n\n<li>empresas que prestan servicios de seguridad y vigilancia;<\/li>\n\n\n\n<li>empresas controladoras y vinculadas a la Empresa.<\/li>\n<\/ul>\n\n\n\n<p>En lo que respecta a los Datos personales que se les comunican, las entidades que pertenecen a las categor\u00edas enumeradas anteriormente pueden operar, dependiendo del caso, como titulares del tratamiento (y en este caso, recibir\u00e1n instrucciones apropiadas por parte de la Empresa) o como controladores independientes de datos. En este \u00faltimo caso, los Datos personales se comunicar\u00e1n \u00fanicamente con el consentimiento escrito de los Titulares de los datos, salvo cuando la comunicaci\u00f3n es obligatoria o necesaria conforme a la ley o para los prop\u00f3sitos para los que no se requiera el consentimiento del Titular de los datos.<\/p>\n\n\n\n<p>Donde resulte clave para el cumplimiento de los prop\u00f3sitos mencionados anteriormente, los Datos se transferir\u00e1n a empresas de otros pa\u00edses con sedes ya sea dentro o fuera de la Uni\u00f3n Europea. Algunas de estas jurisdicciones pueden no proveer el mismo nivel de protecci\u00f3n de los Datos que se garantiza en el pa\u00eds de residencia del titular de los mismos. En este caso, la Empresa se empe\u00f1a a tratar los Datos con el mayor grado de confidencialidad, estipulando los acuerdos que resulten necesarios para garantizar un nivel de protecci\u00f3n adecuado y\/o recurriendo a cl\u00e1usulas contractuales est\u00e1ndar aprobadas por la Comisi\u00f3n Europea.<br><\/p>\n\n\n\n<p><strong>6. Existencia de un proceso de decisiones automatizado<\/strong><br>No hay ning\u00fan proceso de decisiones automatizado implementado en relaci\u00f3n con los Datos.<br><\/p>\n\n\n\n<p><strong>7. Derechos del Titular de los datos<\/strong><br>En cualquier momento, el Titular de los datos podr\u00e1:<\/p>\n\n\n\n<ul class=\"wp-block-list\">\n<li>obtener de la Empresa confirmaci\u00f3n de si se est\u00e1n tratando o no Datos personales que le conciernen y, en tal caso, obtener acceso a la informaci\u00f3n mencionada en el art\u00edculo 15 del RGDP;<\/li>\n\n\n\n<li>obtener la correcci\u00f3n de cualquier imprecisi\u00f3n en los Datos que le conciernen o, teniendo en cuenta las finalidades del tratamiento, la integraci\u00f3n de Datos incompletos;<\/li>\n\n\n\n<li>obtener la supresi\u00f3n de los Datos que le conciernen con base en cualquiera de los puntos expuestos en el art\u00edculo 17 del RGDP, si procede.<\/li>\n\n\n\n<li>revocar en cualquier momento el consentimiento si lo ha otorgado anteriormente. La revocaci\u00f3n del consentimiento no afecta la legitimidad del tratamiento basado en el consentimiento previamente otorgado;<\/li>\n\n\n\n<li>obtener la limitaci\u00f3n del tratamiento de los Datos que le conciernen cuando se cumpla alguno de los casos expuestos en el art\u00edculo 18 del RGDP;<\/li>\n\n\n\n<li>oponerse al tratamiento de los Datos que le conciernen en cualquier momento, por motivos relacionados con su situaci\u00f3n particular, si procede;<\/li>\n\n\n\n<li>obtener en un formato estructurado, de uso com\u00fan y legible, de un dispositivo autom\u00e1tico, los Datos que le conciernen y que ha facilitado previamente, y transmitir dichos Datos a otro controlador, en los casos y conforme a las limitaciones expuestos en el art\u00edculo 20 del RGPD.<\/li>\n<\/ul>\n\n\n\n<p>La Empresa puede requerir informaci\u00f3n adicional antes del tratamiento de las solicitudes si debe verificar la identidad del individuo que las env\u00eda.<\/p>\n\n\n\n<p>En virtud del RGDP, la Empresa no est\u00e1 autorizada a cobrar importe alguno por cumplir ninguna de los requerimientos enumerados en este apartado, salvo cuando resulten infundados o excesivos, y sobre todo cuando sean repetitivos. En los casos en los que un interesado requiera m\u00e1s de una copia de sus datos personales o en los casos de requerimientos excesivos o insensatos, la Empresa puede (i) cobrar una tarifa razonable, teniendo en cuenta los costes administrativos del suministro de la informaci\u00f3n, la comunicaci\u00f3n o el procesamiento de la medida requerida; o (ii) negarse a cumplir dicho requerimiento. En estos casos, la Empresa informar\u00e1 al Titular de los datos sobre los costes pertinentes antes de procesar el requerimiento.<\/p>\n\n\n\n<p>Dichos derechos podr\u00e1n ejercerse enviando:<br>una comunicaci\u00f3n por correo electr\u00f3nico a <a href=\"mailto:info.gdpr.international@tyman.com\">info.gdpr.international@tyman.com<\/a>.<\/p>\n\n\n\n<p>Sin perjuicio de cualquier otra acci\u00f3n administrativa o jurisdiccional, el Titular de los datos tiene asimismo derecho a presentar sus reclamos ante las Autoridades de protecci\u00f3n de los datos, cuando considere que los Datos que le conciernen se han tratado incumpliendo con lo establecido en el RGPD. Podr\u00e1 encontrar informaci\u00f3n adicional al respecto en el sitio web <a href=\"http:\/\/www.garanteprivacy.it\">http:\/\/www.garanteprivacy.it<\/a>.<\/p>\n\n\n\n<p>La Empresa se empe\u00f1a a cumplir todas las obligaciones expuestas en la presente Pol\u00edtica de privacidad. Invitamos a los Titulares de los datos que decidan exigir las medidas o presentar los reclamos mencionados anteriormente a ponerse en contacto con nosotros.<\/p>\n","protected":false},"excerpt":{"rendered":"<p>En virtud del art\u00edculo 13 del Reglamento General de Protecci\u00f3n de Datos 2016\/679 (RGPD), Giesse S.p.A. (la \u00abEmpresa\u00bb), facilita la siguiente informaci\u00f3n en lo que respecta a los datos personales proporcionados por el usuario (el \u00abTitular de los datos\u00bb) durante su navegaci\u00f3n por el sitio web&nbsp;www.tyman-international.com&nbsp;(el \u00abSitio web\u00bb) y los subdominios pertinentes. 1. Controlador de [&hellip;]<\/p>\n","protected":false},"author":1,"featured_media":18379,"parent":0,"menu_order":0,"comment_status":"closed","ping_status":"closed","template":"","meta":{"_acf_changed":false,"footnotes":""},"class_list":["post-22384","page","type-page","status-publish","has-post-thumbnail","hentry"],"acf":[],"_links":{"self":[{"href":"https:\/\/www.tyman-international.com\/es\/wp-json\/wp\/v2\/pages\/22384","targetHints":{"allow":["GET"]}}],"collection":[{"href":"https:\/\/www.tyman-international.com\/es\/wp-json\/wp\/v2\/pages"}],"about":[{"href":"https:\/\/www.tyman-international.com\/es\/wp-json\/wp\/v2\/types\/page"}],"author":[{"embeddable":true,"href":"https:\/\/www.tyman-international.com\/es\/wp-json\/wp\/v2\/users\/1"}],"replies":[{"embeddable":true,"href":"https:\/\/www.tyman-international.com\/es\/wp-json\/wp\/v2\/comments?post=22384"}],"version-history":[{"count":0,"href":"https:\/\/www.tyman-international.com\/es\/wp-json\/wp\/v2\/pages\/22384\/revisions"}],"wp:featuredmedia":[{"embeddable":true,"href":"https:\/\/www.tyman-international.com\/es\/wp-json\/wp\/v2\/media\/18379"}],"wp:attachment":[{"href":"https:\/\/www.tyman-international.com\/es\/wp-json\/wp\/v2\/media?parent=22384"}],"curies":[{"name":"wp","href":"https:\/\/api.w.org\/{rel}","templated":true}]}}