{"id":21943,"date":"2022-01-14T17:18:11","date_gmt":"2022-01-14T17:18:11","guid":{"rendered":"https:\/\/www.tyman-international.com\/antigerm\/"},"modified":"2023-05-08T16:35:15","modified_gmt":"2023-05-08T16:35:15","slug":"antigerm-acabado-higienico-para-manillas","status":"publish","type":"page","link":"https:\/\/www.tyman-international.com\/es\/soluciones\/antigerm-acabado-higienico-para-manillas","title":{"rendered":"Antigerm"},"content":{"rendered":"\n<p> Antigerm\u2122 es el exclusivo tratamiento antibacteriano de Tyman InternationalF para las manillas. La resina en la que se basa est\u00e1 compuesta de iones de plata y barniz al agua y no contiene disolventes qu\u00edmicos. Antigerm\u2122 es la soluci\u00f3n ideal para aplicaciones donde la higiene es fundamental, como guarder\u00edas, residencias de ancianos, colegios, hospitales, polideportivos, hoteles y laboratorios. <\/p>\n\n\n\n\n<div class=\"epyt-video-wrapper\"><div class=\"lyte-wrapper\" title=\"The antibacterial treatment for handles | Antigerm&trade;\" style=\"width:853px;max-width:100%;margin:5px auto;\"><div class=\"lyMe hidef qsa_\\&amp;enablejsapi\\=1\\&amp;origin\\=https:\/\/www.tyman-international.com\" id=\"WYL_2T6Yj87YWuU\" itemprop=\"video\" itemscope itemtype=\"https:\/\/schema.org\/VideoObject\"><div><meta itemprop=\"thumbnailUrl\" content=\"https:\/\/i.ytimg.com\/vi\/2T6Yj87YWuU\/maxresdefault.jpg\" \/><meta itemprop=\"embedURL\" content=\"https:\/\/www.youtube.com\/embed\/2T6Yj87YWuU\" \/><meta itemprop=\"duration\" content=\"PT49S\" \/><meta itemprop=\"uploadDate\" content=\"2020-04-06T13:43:26Z\" \/><\/div><meta itemprop=\"accessibilityFeature\" content=\"captions\" \/><div id=\"lyte_2T6Yj87YWuU\" data-src=\"https:\/\/i.ytimg.com\/vi\/2T6Yj87YWuU\/maxresdefault.jpg\" class=\"pL\"><div class=\"tC\"><div class=\"tT\" itemprop=\"name\">The antibacterial treatment for handles | Antigerm\u2122<\/div><\/div><div class=\"play\"><\/div><div class=\"ctrl\"><div class=\"Lctrl\"><\/div><div class=\"Rctrl\"><\/div><\/div><\/div><noscript><a href=\"https:\/\/youtu.be\/2T6Yj87YWuU\" rel=\"nofollow\"><img fetchpriority=\"high\" decoding=\"async\" src=\"https:\/\/i.ytimg.com\/vi\/2T6Yj87YWuU\/0.jpg\" alt=\"The antibacterial treatment for handles | Antigerm&trade;\" width=\"853\" height=\"460\" \/><br \/>Mire este video en YouTube<\/a><\/noscript><meta itemprop=\"description\" content=\"Antigerm\u2122 treatment is available on a vast range of handles. Please, contact our Sales Network for more info. Click here for more details: https:\/\/bit.ly\/schlegelgiesse-antigerm-en #SchlegelGiesse #Antigerm #Antibacterial =========================================================== \u041f\u043e\u0441\u0435\u0442\u0438\u0442\u044c \u043d\u0430\u0448 \u0432\u0435\u0431-\u0441\u0430\u0439\u0442: https:\/\/www.schlegelgiesse.com\/ \u041f\u043e\u0434\u043f\u0438\u0441\u0430\u0442\u044c\u0441\u044f \u043d\u0430 \u043d\u0430\u0448\u0438 \u043d\u043e\u0432\u043e\u0441\u0442\u0438: https:\/\/www.schlegelgiesse.com\/subscribe-to-our-newsletter\/ =========================================================== \u0421\u043b\u0435\u0434\u0443\u0439\u0442\u0435 \u0437\u0430 \u043d\u0430\u043c\u0438 \u0432 \u043d\u0430\u0448\u0438\u0445 \u0441\u043e\u0446\u0438\u0430\u043b\u044c\u043d\u044b\u0445 \u043a\u0430\u043d\u0430\u043b\u0430\u0445: - YouTube: \u043f\u043e\u0434\u043f\u0438\u0441\u0430\u0442\u044c\u0441\u044f \u043d\u0430 \u043a\u0430\u043d\u0430\u043b \u0438 \u0430\u043a\u0442\u0438\u0432\u0438\u0440\u043e\u0432\u0430\u0442\u044c \u043a\u043d\u043e\u043f\u043a\u0443 \u0437\u0432\u043e\u043d\u043a\u0430 \ud83d\udd14 https:\/\/www.youtube.com\/channel\/UCKsc4bTj3vPvRDkHjICYToQ?sub_confirmation=1 - LinkedIn: https:\/\/www.linkedin.com\/company\/schlegelgiesse\/\"><\/div><\/div><div class=\"lL\" style=\"max-width:100%;width:853px;margin:5px auto;\"><\/div><\/div>\n\n\n<p><br><strong>Antigerm\u2122 elimina el 99,99&nbsp;% de los g\u00e9rmenes<\/strong> y bacterias&nbsp;<\/p>\n\n\n\n<div class=\"wp-block-image\"><figure class=\"alignright size-large is-resized\"><img decoding=\"async\" src=\"https:\/\/www.tyman-international.com\/wp-content\/uploads\/2020\/03\/antigerm-kills-99-germs.png\" alt=\"Antigerm elimina el 99\u00a0% de los g\u00e9rmenes\" class=\"wp-image-3691\" width=\"200\" height=\"200\" srcset=\"https:\/\/www.tyman-international.com\/wp-content\/uploads\/2020\/03\/antigerm-kills-99-germs.png 567w, https:\/\/www.tyman-international.com\/wp-content\/uploads\/2020\/03\/antigerm-kills-99-germs-300x300.png 300w, https:\/\/www.tyman-international.com\/wp-content\/uploads\/2020\/03\/antigerm-kills-99-germs-150x150.png 150w\" sizes=\"(max-width: 200px) 100vw, 200px\" \/><figcaption>Antigerm elimina el 99,99&nbsp;% <br>de los g\u00e9rmenes y bacterias<\/figcaption><\/figure><\/div>\n\n\n\n<p>Las estad\u00edsticas demuestran que los g\u00e9rmenes y las bacterias son una de las causas m\u00e1s frecuentes de enfermedad. Viven y proliferan en las superficies m\u00e1s com\u00fanmente usadas y son cada vez m\u00e1s resistentes a los tratamientos antibi\u00f3ticos. Las manillas, presentes en cl\u00ednicas, colegios, guarder\u00edas y otros lugares p\u00fablicos, son una de esas superficies de uso frecuente con las que a menudo entran en contacto personas de riesgo, como ni\u00f1os y personas mayores. Las bacterias y los g\u00e9rmenes pueden asentarse y propagarse r\u00e1pidamente en las manillas en estos lugares, causando potencialmente enfermedades graves. <\/p>\n\n\n\n<p>Para producir manillas de uso seguro en cualquier entorno, Tyman International busca las \u00faltimas tecnolog\u00edas antibacterianas y recurre a un equipo qu\u00edmico especializado. Este esfuerzo conjunto ha llevado a Tyman International a desarrollar un tratamiento antibacteriano con su propia marca, Antigerm\u2122, que funciona las 24 horas del d\u00eda, los 7 d\u00edas de la semana, sin necesidad de mantenimiento, y elimina el 99,99&nbsp;% de los g\u00e9rmenes y las bacterias. <\/p>\n\n\n<h2><strong>\u00bfC\u00f3mo funciona?<\/strong>&nbsp;<\/h2>\n<p><!-- \/wp:post-content --> <!-- wp:paragraph --><\/p>\n<p>Las manillas tratadas liberan lentamente iones de plata que eliminan m\u00e1s de 650 especies de g\u00e9rmenes en cuesti\u00f3n de minutos, como Escherichia Coli, Legionella Pneumoniae, Salmonella Enteritidis y muchas otras. Los iones son completamente seguros para los seres humanos, ya que atacan solo a los g\u00e9rmenes y bacterias inhibiendo su capacidad de reproducci\u00f3n.<\/p>\n<p><!-- \/wp:paragraph --> <!-- wp:image {\"id\":3689,\"width\":580,\"height\":318,\"sizeSlug\":\"large\"} --><\/p>\n<figure class=\"wp-block-image size-large is-resized\"><img decoding=\"async\" class=\"wp-image-3689\" src=\"https:\/\/www.tyman-international.com\/wp-content\/uploads\/2020\/03\/antigerm-action.png\" alt=\"How Antigerm works\" width=\"580\" height=\"318\" srcset=\"https:\/\/www.tyman-international.com\/wp-content\/uploads\/2020\/03\/antigerm-action.png 682w, https:\/\/www.tyman-international.com\/wp-content\/uploads\/2020\/03\/antigerm-action-300x165.png 300w\" sizes=\"(max-width: 580px) 100vw, 580px\" \/><\/figure>\n<p><!-- \/wp:image --> <!-- wp:paragraph --><\/p>\n<p>El tratamiento Antigerm\u2122 est\u00e1 disponible en una amplia gama de manillas. P\u00f3ngase en contacto con nuestra red de venta para obtener informaci\u00f3n adicional al respecto.<\/p>\n<p><!-- \/wp:paragraph --><\/p>\n<p><!-- wp:heading --><\/p>\n<h2><strong>Antigerm\u2122, ha sido probado por un organismo independiente<\/strong>&nbsp;<\/h2>\n<p><!-- \/wp:heading --><\/p>\n<p><!-- wp:paragraph --><\/p>\n<p>El tratamiento antibacteriano Antigerm\u2122 para manillas est\u00e1 certificado por los laboratorios internacionales IMSL (<a href=\"https:\/\/www.imsl-uk.com\/en\/default.htm\" target=\"_blank\" rel=\"noreferrer noopener\" aria-label=\"UK Industrial Microbiological Services Limited (opens in a new tab)\">UK Industrial Microbiological Services Limited<\/a>), de conformidad con la norma ISO 22196:2007 (Determinaci\u00f3n de la actividad antibacteriana).<\/p>\n<p><!-- \/wp:paragraph --><\/p>\n<p><!-- wp:paragraph --><\/p>\n<p>El tratamiento antibacteriano Antigerm\u2122 se ha sometido a una prueba de resistencia a la corrosi\u00f3n de niebla salina conforme a la certificaci\u00f3n EN 1670.<\/p>\n<p><!-- \/wp:paragraph --><\/p>\n<p><!-- wp:paragraph --><\/p>\n<p><!-- \/wp:paragraph --><\/p>\n<p><!-- wp:paragraph {\"fontSize\":\"small\"} --><\/p>\n<p><!-- \/wp:paragraph --><\/p>\n<p><!-- wp:paragraph {\"fontSize\":\"small\"} --><\/p>\n<p class=\"has-small-font-size\">\n<\/p><p><!-- \/wp:paragraph --><\/p>\n<p><!-- wp:paragraph {\"fontSize\":\"small\"} --><\/p>\n<p class=\"has-small-font-size\"><em>El logotipo de Antigerm\u2122 es una marca comercial registrada por Reguitti en la Uni\u00f3n Europea, Brasil, Suiza, China, Israel, Jap\u00f3n, Noruega y la Federaci\u00f3n de Rusia<\/em>.<\/p>\n<p><!-- \/wp:paragraph --><\/p>","protected":false},"excerpt":{"rendered":"<p>Antigerm\u2122 es el exclusivo tratamiento antibacteriano de Tyman InternationalF para las manillas. La resina en la que se basa est\u00e1 compuesta de iones de plata y barniz al agua y no contiene disolventes qu\u00edmicos. Antigerm\u2122 es la soluci\u00f3n ideal para aplicaciones donde la higiene es fundamental, como guarder\u00edas, residencias de ancianos, colegios, hospitales, polideportivos, hoteles [&hellip;]<\/p>\n","protected":false},"author":1,"featured_media":16826,"parent":22281,"menu_order":10,"comment_status":"closed","ping_status":"closed","template":"template-solutions-child.php","meta":{"_acf_changed":false,"footnotes":""},"class_list":["post-21943","page","type-page","status-publish","has-post-thumbnail","hentry"],"acf":[],"_links":{"self":[{"href":"https:\/\/www.tyman-international.com\/es\/wp-json\/wp\/v2\/pages\/21943","targetHints":{"allow":["GET"]}}],"collection":[{"href":"https:\/\/www.tyman-international.com\/es\/wp-json\/wp\/v2\/pages"}],"about":[{"href":"https:\/\/www.tyman-international.com\/es\/wp-json\/wp\/v2\/types\/page"}],"author":[{"embeddable":true,"href":"https:\/\/www.tyman-international.com\/es\/wp-json\/wp\/v2\/users\/1"}],"replies":[{"embeddable":true,"href":"https:\/\/www.tyman-international.com\/es\/wp-json\/wp\/v2\/comments?post=21943"}],"version-history":[{"count":0,"href":"https:\/\/www.tyman-international.com\/es\/wp-json\/wp\/v2\/pages\/21943\/revisions"}],"up":[{"embeddable":true,"href":"https:\/\/www.tyman-international.com\/es\/wp-json\/wp\/v2\/pages\/22281"}],"wp:featuredmedia":[{"embeddable":true,"href":"https:\/\/www.tyman-international.com\/es\/wp-json\/wp\/v2\/media\/16826"}],"wp:attachment":[{"href":"https:\/\/www.tyman-international.com\/es\/wp-json\/wp\/v2\/media?parent=21943"}],"curies":[{"name":"wp","href":"https:\/\/api.w.org\/{rel}","templated":true}]}}