{"id":43642,"date":"2024-06-05T14:37:16","date_gmt":"2024-06-05T14:37:16","guid":{"rendered":"https:\/\/www.tyman-international.com\/jatec-business-customers-stores\/"},"modified":"2024-06-06T10:19:10","modified_gmt":"2024-06-06T10:19:10","slug":"jatec-business-customers-stores","status":"publish","type":"page","link":"https:\/\/www.tyman-international.com\/de\/jatec-handler-fur-gewerbliche-kunden\/","title":{"rendered":"Jatec h\u00e4ndler f\u00fcr gewerbliche kunden"},"content":{"rendered":"\n<div style=\"height:30px\" aria-hidden=\"true\" class=\"wp-block-spacer\"><\/div>\n\n\n\n<p>Auf dieser <strong>Karte <\/strong>finden Sie unsere Jatec-<strong>Vertriebspartner f\u00fcr Gewerbekunden<\/strong> in <strong>Deutschland<\/strong>. Unser Netzwerk ausgew\u00e4hlter Partner garantiert h\u00f6chste Qualit\u00e4t und Service und stellt sicher, dass Sie die perfekten Jatec und JTC Griffe f\u00fcr Ihre Bed\u00fcrfnisse finden.<\/p>\n\n\n\n<iframe src=\"https:\/\/www.google.com\/maps\/d\/u\/1\/embed?mid=12OpygocJIR3AOzDFCABI9WR4UoPU7sg&#038;ehbc=2E312F\" width=\"90%\" height=\"480\"><\/iframe>\n\n\n\n<div style=\"height:50px\" aria-hidden=\"true\" class=\"wp-block-spacer\"><\/div>\n\n\n\n<p>If you aspire to become a retailer of our Jatec and JTC handle products, we&#8217;d love to hear from you.<\/p>\n\n\n\n<div class=\"link\"><a class=\"btn\" href=\"https:\/\/www.tyman-international.com\/de\/support\/kontakte\/\">Kontaktieren Sie uns<\/a><\/div>\n","protected":false},"excerpt":{"rendered":"<p>Auf dieser Karte finden Sie unsere Jatec-Vertriebspartner f\u00fcr Gewerbekunden in Deutschland. Unser Netzwerk ausgew\u00e4hlter Partner garantiert h\u00f6chste Qualit\u00e4t und Service und stellt sicher, dass Sie die perfekten Jatec und JTC Griffe f\u00fcr Ihre Bed\u00fcrfnisse finden. If you aspire to become a retailer of our Jatec and JTC handle products, we&#8217;d love to hear from you. [&hellip;]<\/p>\n","protected":false},"author":4,"featured_media":42961,"parent":0,"menu_order":0,"comment_status":"closed","ping_status":"closed","template":"","meta":{"_acf_changed":false,"footnotes":""},"class_list":["post-43642","page","type-page","status-publish","has-post-thumbnail","hentry"],"acf":[],"_links":{"self":[{"href":"https:\/\/www.tyman-international.com\/de\/wp-json\/wp\/v2\/pages\/43642","targetHints":{"allow":["GET"]}}],"collection":[{"href":"https:\/\/www.tyman-international.com\/de\/wp-json\/wp\/v2\/pages"}],"about":[{"href":"https:\/\/www.tyman-international.com\/de\/wp-json\/wp\/v2\/types\/page"}],"author":[{"embeddable":true,"href":"https:\/\/www.tyman-international.com\/de\/wp-json\/wp\/v2\/users\/4"}],"replies":[{"embeddable":true,"href":"https:\/\/www.tyman-international.com\/de\/wp-json\/wp\/v2\/comments?post=43642"}],"version-history":[{"count":0,"href":"https:\/\/www.tyman-international.com\/de\/wp-json\/wp\/v2\/pages\/43642\/revisions"}],"wp:featuredmedia":[{"embeddable":true,"href":"https:\/\/www.tyman-international.com\/de\/wp-json\/wp\/v2\/media\/42961"}],"wp:attachment":[{"href":"https:\/\/www.tyman-international.com\/de\/wp-json\/wp\/v2\/media?parent=43642"}],"curies":[{"name":"wp","href":"https:\/\/api.w.org\/{rel}","templated":true}]}}