{"id":43638,"date":"2024-06-05T13:40:11","date_gmt":"2024-06-05T13:40:11","guid":{"rendered":"https:\/\/www.tyman-international.com\/jatec-end-customers-stores\/"},"modified":"2024-06-06T10:17:49","modified_gmt":"2024-06-06T10:17:49","slug":"jatec-end-customers-stores","status":"publish","type":"page","link":"https:\/\/www.tyman-international.com\/de\/jatec-handler-fur-privatkunden\/","title":{"rendered":"Jatec-h\u00e4ndler f\u00fcr privatkunden"},"content":{"rendered":"\n<div style=\"height:30px\" aria-hidden=\"true\" class=\"wp-block-spacer\"><\/div>\n\n\n\n<p>Auf dieser <strong>Karte <\/strong>finden Sie Ihren \u00f6rtlichen Jatec-<strong>Vertriebspartner f\u00fcr Endverbraucher <\/strong>in <strong>Deutschland<\/strong>. Unser Netzwerk ausgew\u00e4hlter Partner garantiert h\u00f6chste Qualit\u00e4t und Service und stellt sicher, dass Sie die perfekten Jatec und JTC Griffe f\u00fcr Ihre Bed\u00fcrfnisse finden.<\/p>\n\n\n\n<iframe src=\"https:\/\/www.google.com\/maps\/d\/u\/1\/embed?mid=1lTR8BkxWVYBTYSqtqV9hz6fq2GEn14U&#038;ehbc=2E312F\" width=\"90%\" height=\"480\"><\/iframe>\n\n\n\n<div style=\"height:30px\" aria-hidden=\"true\" class=\"wp-block-spacer\"><\/div>\n\n\n\n<p>Sie m\u00f6chten unsere <strong>Produkte online kaufen<\/strong>?\u202fUnsere Jatec-Griffe sind nur einen Klick entfernt. Besuchen Sie die Webseiten unserer Vertriebspartner:<\/p>\n\n\n\n<ul class=\"wp-block-list\">\n<li><a href=\"https:\/\/www.ahb-griffe.de\/suche?controller=search&amp;s=jatec\"><strong>AHB Griffe.de<\/strong><\/a><\/li>\n\n\n\n<li><a href=\"https:\/\/www.tuergriff-shop.de\/sortierung-nach-beschlaege-herstellern\/jatec.html\"><strong>Tuergriffe shop.de<\/strong><\/a><\/li>\n<\/ul>\n\n\n\n<div style=\"height:30px\" aria-hidden=\"true\" class=\"wp-block-spacer\"><\/div>\n\n\n\n<p>Wenn Sie Vertriebspartner f\u00fcr unsere Jatec- und JTC-Griffprodukte werden m\u00f6chten, freuen wir uns \u00fcber Ihre Kontaktaufnahme.<\/p>\n\n\n\n<div class=\"link\"><a class=\"btn\" href=\"https:\/\/www.tyman-international.com\/de\/support\/kontakte\/\">Kontaktieren Sie uns<\/a><\/div>\n","protected":false},"excerpt":{"rendered":"<p>Auf dieser Karte finden Sie Ihren \u00f6rtlichen Jatec-Vertriebspartner f\u00fcr Endverbraucher in Deutschland. Unser Netzwerk ausgew\u00e4hlter Partner garantiert h\u00f6chste Qualit\u00e4t und Service und stellt sicher, dass Sie die perfekten Jatec und JTC Griffe f\u00fcr Ihre Bed\u00fcrfnisse finden. Sie m\u00f6chten unsere Produkte online kaufen?\u202fUnsere Jatec-Griffe sind nur einen Klick entfernt. Besuchen Sie die Webseiten unserer Vertriebspartner: Wenn [&hellip;]<\/p>\n","protected":false},"author":4,"featured_media":42961,"parent":0,"menu_order":0,"comment_status":"closed","ping_status":"closed","template":"","meta":{"_acf_changed":false,"footnotes":""},"class_list":["post-43638","page","type-page","status-publish","has-post-thumbnail","hentry"],"acf":[],"_links":{"self":[{"href":"https:\/\/www.tyman-international.com\/de\/wp-json\/wp\/v2\/pages\/43638","targetHints":{"allow":["GET"]}}],"collection":[{"href":"https:\/\/www.tyman-international.com\/de\/wp-json\/wp\/v2\/pages"}],"about":[{"href":"https:\/\/www.tyman-international.com\/de\/wp-json\/wp\/v2\/types\/page"}],"author":[{"embeddable":true,"href":"https:\/\/www.tyman-international.com\/de\/wp-json\/wp\/v2\/users\/4"}],"replies":[{"embeddable":true,"href":"https:\/\/www.tyman-international.com\/de\/wp-json\/wp\/v2\/comments?post=43638"}],"version-history":[{"count":0,"href":"https:\/\/www.tyman-international.com\/de\/wp-json\/wp\/v2\/pages\/43638\/revisions"}],"wp:featuredmedia":[{"embeddable":true,"href":"https:\/\/www.tyman-international.com\/de\/wp-json\/wp\/v2\/media\/42961"}],"wp:attachment":[{"href":"https:\/\/www.tyman-international.com\/de\/wp-json\/wp\/v2\/media?parent=43638"}],"curies":[{"name":"wp","href":"https:\/\/api.w.org\/{rel}","templated":true}]}}