{"id":42865,"date":"2024-05-10T15:04:18","date_gmt":"2024-05-10T15:04:18","guid":{"rendered":"https:\/\/www.tyman-international.com\/42848-2\/"},"modified":"2024-05-22T14:55:13","modified_gmt":"2024-05-22T14:55:13","slug":"42848-2","status":"publish","type":"page","link":"https:\/\/www.tyman-international.com\/de\/jatec-griffe-stores\/","title":{"rendered":"Jatec stores"},"content":{"rendered":"\n<p>Um einen Jatec-Handels- oder Privatvertrieb zu finden, konsultieren Sie die beiden untenstehenden <strong>Karten <\/strong>und suchen Sie den n\u00e4chstgelegenen Ort in <strong>Deutschland<\/strong>, um <strong>Jatec- und JTC-Griffe<\/strong> zu kaufen. Das Netzwerk von Jatec umfasst ausgew\u00e4hlte Partner, um Qualit\u00e4t und Service zu gew\u00e4hrleisten.<strong> <\/strong><\/p>\n\n\n\n<h4 class=\"wp-block-heading\">Jatec-Handelsvertretungen<\/h4>\n\n\n\n<p>Hier finden Sie die Karte unserer Jatec-Vertriebspartner.<\/p>\n\n\n\n<iframe src=\"https:\/\/www.google.com\/maps\/d\/u\/1\/embed?mid=12OpygocJIR3AOzDFCABI9WR4UoPU7sg&#038;ehbc=2E312F\" width=\"90%\" height=\"480\"><\/iframe>\n\n\n\n<div style=\"height:50px\" aria-hidden=\"true\" class=\"wp-block-spacer\"><\/div>\n\n\n\n<h4 class=\"wp-block-heading\">Jatec private Vertriebsh\u00e4ndler<\/h4>\n\n\n\n<p>Hier finden Sie die Karte unserer privaten Jatec-Vertriebspartner.<\/p>\n\n\n\n<iframe src=\"https:\/\/www.google.com\/maps\/d\/u\/1\/embed?mid=1lTR8BkxWVYBTYSqtqV9hz6fq2GEn14U&#038;ehbc=2E312F\" width=\"90%\" height=\"480\"><\/iframe>\n\n\n\n<div style=\"height:50px\" aria-hidden=\"true\" class=\"wp-block-spacer\"><\/div>\n\n\n\n<p>Wenn Sie daran interessiert sind, Einzelh\u00e4ndler f\u00fcr unsere Jatec- und JTC-Griffprodukte zu werden, nehmen Sie bitte Kontakt mit uns auf.<\/p>\n\n\n\n<div class=\"link\"><a class=\"btn\" href=\"https:\/\/www.tyman-international.com\/support\/contacts\/\">Kontakt<\/a><\/div>\n","protected":false},"excerpt":{"rendered":"<p>Um einen Jatec-Handels- oder Privatvertrieb zu finden, konsultieren Sie die beiden untenstehenden Karten und suchen Sie den n\u00e4chstgelegenen Ort in Deutschland, um Jatec- und JTC-Griffe zu kaufen. Das Netzwerk von Jatec umfasst ausgew\u00e4hlte Partner, um Qualit\u00e4t und Service zu gew\u00e4hrleisten. Jatec-Handelsvertretungen Hier finden Sie die Karte unserer Jatec-Vertriebspartner. Jatec private Vertriebsh\u00e4ndler Hier finden Sie die [&hellip;]<\/p>\n","protected":false},"author":4,"featured_media":42961,"parent":0,"menu_order":0,"comment_status":"closed","ping_status":"closed","template":"","meta":{"_acf_changed":false,"footnotes":""},"class_list":["post-42865","page","type-page","status-publish","has-post-thumbnail","hentry"],"acf":[],"_links":{"self":[{"href":"https:\/\/www.tyman-international.com\/de\/wp-json\/wp\/v2\/pages\/42865","targetHints":{"allow":["GET"]}}],"collection":[{"href":"https:\/\/www.tyman-international.com\/de\/wp-json\/wp\/v2\/pages"}],"about":[{"href":"https:\/\/www.tyman-international.com\/de\/wp-json\/wp\/v2\/types\/page"}],"author":[{"embeddable":true,"href":"https:\/\/www.tyman-international.com\/de\/wp-json\/wp\/v2\/users\/4"}],"replies":[{"embeddable":true,"href":"https:\/\/www.tyman-international.com\/de\/wp-json\/wp\/v2\/comments?post=42865"}],"version-history":[{"count":0,"href":"https:\/\/www.tyman-international.com\/de\/wp-json\/wp\/v2\/pages\/42865\/revisions"}],"wp:featuredmedia":[{"embeddable":true,"href":"https:\/\/www.tyman-international.com\/de\/wp-json\/wp\/v2\/media\/42961"}],"wp:attachment":[{"href":"https:\/\/www.tyman-international.com\/de\/wp-json\/wp\/v2\/media?parent=42865"}],"curies":[{"name":"wp","href":"https:\/\/api.w.org\/{rel}","templated":true}]}}