{"id":22047,"date":"2022-01-17T11:55:52","date_gmt":"2022-01-17T11:55:52","guid":{"rendered":"https:\/\/www.tyman-international.com\/datenschutzbestimmungen\/"},"modified":"2025-04-08T10:36:57","modified_gmt":"2025-04-08T10:36:57","slug":"datenschutzbestimmungen","status":"publish","type":"page","link":"https:\/\/www.tyman-international.com\/de\/datenschutzbestimmungen\/","title":{"rendered":"Datenschutzbestimmungen"},"content":{"rendered":"\n<p>Gem\u00e4\u00df Artikel 13 der Europ\u00e4ischen Datenschutzgrundverordnung 2016\/679 (\u201e<strong>GDPR<\/strong> DSGVO\u201c) stellt Giesse S.p.A. (das \u201e<strong>Unternehmen<\/strong>\u201c) die folgenden Informationen in Bezug auf personenbezogene Daten, die vom Benutzer (\u201ebetroffene Person\u201c) w\u00e4hrend der Navigation auf der Website <a href=\"https:\/\/www.tyman-international.com\/de\/\">www.tyman-international.com<\/a> (die \u201eWebsite\u201c) und den entsprechenden Subdomains zur Verf\u00fcgung gestellt werden, bereit.<\/p>\n\n\n\n<p><strong>1<\/strong>. <strong>Datenverantwortlicher<\/strong><br>Giesse SpA, UID 00581811205, eingetragene Firmenadresse Via Tubertini 1 \u2013 40054 Budrio (BO).<br><\/p>\n\n\n\n<p><strong>2. Kategorien der verarbeiteten Daten<\/strong><br>Die personenbezogenen Daten (\u201e<strong>Personenbezogene Daten<\/strong>\u201c oder \u201e<strong>Daten<\/strong>\u201c), die von der betroffenen Person zur Verf\u00fcgung gestellt werden oder die das Unternehmen w\u00e4hrend ihres Besuchs auf der Website sammelt, werden vom Unternehmen verarbeitet.<\/p>\n\n\n\n<ul class=\"wp-block-list\">\n<li><em>Von der betroffenen Person zur Verf\u00fcgung gestellte Daten<\/em>: Dies betrifft vor allem die Daten, die bei der Interaktion mit dem Unternehmen \u00fcber die Formulare auf der Website oder beim Abonnieren des Newsletters oder beim Zugriff auf den reservierten Bereich f\u00fcr Kunden, Anbieter und Quanex International-Mitarbeiter erfasst werden. Zu diesen Daten geh\u00f6ren Vorname, Nachname, E-Mail-Adresse und Telefonnummer, Unternehmen, Position, Ort, Benutzername und Passwort.<\/li>\n<\/ul>\n\n\n\n<ul class=\"wp-block-list\">\n<li><em>Sonstige verarbeitete Daten<\/em>: Hierbei handelt es sich haupts\u00e4chlich um Daten, die beim Surfen auf der Website erfasst werden, wie die IP-Adresse, das Betriebssystem des verwendeten Browsers, die angeklickten Inhalte und die besuchten Webseiten.<br><\/li>\n<\/ul>\n\n\n\n<p><br><strong>3. Zweck der Verarbeitung, Rechtsgrundlage und Folgen bei Nichtbereitstellung der Daten<\/strong><br>Die Daten werden vom Unternehmen zu folgenden Zwecken verarbeitet:<\/p>\n\n\n\n<ul class=\"wp-block-list\">\n<li>a) zur Erbringung der \u00fcber die Website und insbesondere im reservierten Bereich angebotenen Dienstleistungen (z.\u00a0B. f\u00fcr Bestellungen, den Zugang zu SharePoint, den Zugang zum f\u00fcr die Mitarbeiter reservierten Bereich, das Hochladen von Informationen im Zusammenhang mit Bewerbungen). Bei einer m\u00f6glichen Nichtbereitstellung pers\u00f6nlicher Daten f\u00fcr die Erf\u00fcllung der angegebenen Zwecke ist es nicht m\u00f6glich, Anfragen oder Informationen \u00fcber die Formulare zu senden oder auf die Bereiche des reservierten Bereichs f\u00fcr Kunden, Anbieter und Mitarbeiter von Quanex International zuzugreifen;<\/li>\n<\/ul>\n\n\n\n<ul class=\"wp-block-list\">\n<li>b) zur Erf\u00fcllung rechtlicher Verpflichtungen;<\/li>\n<\/ul>\n\n\n\n<p>Personenbezogene Daten werden auch verarbeitet, um mit den betroffenen Personen zu Zwecken im Zusammenhang mit den Dienstleistungen in Kontakt zu treten und um weitere M\u00f6glichkeiten der kommerziellen Zusammenarbeit zu beurteilen (auch in Bezug auf spezifische Merkmale der betroffenen Person oder des Unternehmens, dem sie angeh\u00f6rt), sowie um die Daten f\u00fcr statistische Zwecke zusammenzufassen. Die Verarbeitung erfolgt auf der Grundlage des berechtigten Interesses des Unternehmens, die Website und das Angebot seiner Produkte und Dienstleistungen zu verbessern und besser zu verstehen, wie und von wem diese genutzt werden. <\/p>\n\n\n\n<p>Die Verarbeitung personenbezogener Daten kann auch im Zusammenhang mit m\u00f6glichen Rechtsstreitigkeiten oder im Rahmen m\u00f6glicher Unternehmensereignisse (Verkauf des Unternehmens oder Unternehmensfortf\u00fchrung) und im Rahmen der Pr\u00fcfung der Sorgfaltspflicht erfolgen. Eine solche m\u00f6gliche Verarbeitung k\u00f6nnte auf der Grundlage eines berechtigten Interesses des Unternehmens erfolgen, seine Interessen und Rechte gem\u00e4\u00df den geltenden Gesetzen zu wahren und die am besten geeigneten Gesch\u00e4ftsprozesse durchzuf\u00fchren, um die angebotenen Produkte und Dienstleistungen zu verbessern.<\/p>\n\n\n\n<p>Die Daten werden vom Unternehmen auch zu folgenden Zwecken verarbeitet:<\/p>\n\n\n\n<ul class=\"wp-block-list\">\n<li>c) (i) um den betroffenen Personen die M\u00f6glichkeit zu geben, den Newsletter mit Produktneuheiten und Informationen \u00fcber Veranstaltungen der Quanex International aufteilung, Informationsmaterial, kommerzielle Mitteilungen und Frageb\u00f6gen zum Grad der Kundenzufriedenheit zu erhalten; (ii) um den betroffenen Personen die M\u00f6glichkeit zu geben, personalisierte und somit auf ihr Profil und ihre Interessen zugeschnittene Mitteilungen zu erhalten; (iii) um den betroffenen Personen die M\u00f6glichkeit zu geben, die unter den Punkten (i) und (ii) genannten kommerziellen Mitteilungen auch von anderen Unternehmen der Quanex gruppe zu erhalten. Die Verarbeitung von Daten f\u00fcr die unter Punkt i), ii) und iii) genannten Zwecke ist optional und unterliegt der Zustimmung der betroffenen Person. Die eventuelle Nichtbereitstellung dieser Daten hat zur Folge, dass es nicht m\u00f6glich ist, der betroffenen Person kommerzielle Initiativen und Angebote des Unternehmens und\/oder von Unternehmen der Quanex gruppe mitzuteilen sowie kommerzielle Informationen zu erhalten, die f\u00fcr ihr Profil als relevant betrachtet werden.<\/li>\n<\/ul>\n\n\n\n<p>In jedem Fall kann das Unternehmen von Zeit zu Zeit bestimmte Marketingmitteilungen per E-Mail an seine Gesch\u00e4ftskontakte senden. Der Inhalt solcher Mitteilungen per E-Mail umfasst relevante Unternehmensnachrichten (z.\u00a0B. die \u00dcbernahme eines bestimmten Unternehmens) oder Informationen \u00fcber neue Produkte, Dienstleistungen und Angebote. Das Unternehmen wird diese Verarbeitung fortsetzen, um seine Gesch\u00e4ftskontakte \u00fcber die wichtigsten und relevanten Neuigkeiten\/Angebote in Bezug auf die Produkte\/Dienstleistungen\/Veranstaltungen der Quanex International aufteilung zu informieren. Solche Mitteilungen werden auf der Grundlage des berechtigten Interesses des Unternehmens und nach einer Bewertung der angemessenen Erwartung des jeweiligen Empf\u00e4ngers (der ein Gesch\u00e4ftskontakt des Unternehmens ist), diese Art von Mitteilungen zu erhalten, versandt. In jedem Fall kann sich der betreffende Adressat jederzeit \u00fcber den in den E-Mails enthaltenen Abmeldemechanismus abmelden.\u00a0\u00a0<br><\/p>\n\n\n\n<p><strong>4. Verarbeitungsmodalit\u00e4ten und Dauer der Datenspeicherung<\/strong><br>Die Daten werden vorwiegend im Unternehmen mit elektronischen und manuellen Mitteln verarbeitet, die geeignet sind, die Sicherheit und Vertraulichkeit zu gew\u00e4hrleisten. Sie k\u00f6nnen insbesondere mit den folgenden Modalit\u00e4ten verarbeitet werden:<\/p>\n\n\n\n<ul class=\"wp-block-list\">\n<li>Erhebung von Daten bei der betroffenen Person;<\/li>\n\n\n\n<li>Sammlung von Daten aus Registern, Dokumentenlisten oder \u00f6ffentlichen Dokumenten;<\/li>\n\n\n\n<li>Aufzeichnung und Verarbeitung mit herk\u00f6mmlichen Mitteln (Papier);<\/li>\n\n\n\n<li>Erfassung und Verarbeitung mittels EDV;<\/li>\n\n\n\n<li>automatisierte und nicht automatisierte Organisation der Archive.<\/li>\n<\/ul>\n\n\n\n<p>Die personenbezogenen Daten werden im Einklang mit den geltenden Rechtsvorschriften so lange aufbewahrt, wie es f\u00fcr die Erf\u00fcllung der Zwecke, f\u00fcr die sie verarbeitet werden, erforderlich ist. Die Kriterien f\u00fcr die Festlegung der Aufbewahrungsfrist der Daten ber\u00fccksichtigen den zul\u00e4ssigen Verarbeitungszeitraum und die geltenden Steuergesetze, die Verj\u00e4hrungsfrist und die Art der berechtigten Interessen, wenn diese die Rechtsgrundlage f\u00fcr die Verarbeitung bilden.<\/p>\n\n\n\n<p>Gem\u00e4\u00df den geltenden Rechtsvorschriften k\u00f6nnen die personenbezogenen Daten f\u00fcr einen l\u00e4ngeren Zeitraum als den urspr\u00fcnglich vorgesehenen aufbewahrt werden, falls es zu Streitigkeiten oder Anfragen der zust\u00e4ndigen Beh\u00f6rden kommt.<\/p>\n\n\n\n<p>Wurden personenbezogene Daten im Rahmen von Marketingaktivit\u00e4ten verarbeitet, so k\u00f6nnen die Mitteilungen zu den in Absatz 3 Buchstabe e) genannten Zwecken per E-Mail, SMS, MMS, Post sowie \u00fcber jedes andere derzeitige und k\u00fcnftige Kommunikationsmittel erfolgen, vorausgesetzt, die betroffene Person kann der Verarbeitung \u00fcber eines oder alle diese Kommunikationsmittel widersprechen oder in jedem Fall ihre Einwilligung widerrufen.<\/p>\n\n\n\n<p>Im Rahmen von Marketingaktivit\u00e4ten verarbeitete personenbezogene Daten werden im Einklang mit den geltenden Rechtsvorschriften so lange aufbewahrt, wie es f\u00fcr die Erf\u00fcllung der Zwecke, f\u00fcr die sie verarbeitet werden, erforderlich ist. In Ermangelung spezifischer Vorschriften, die die Aufbewahrungsfrist f\u00fcr die in dieser Richtlinie aufgef\u00fchrten Zwecke regeln, verwendet das Unternehmen personenbezogene Daten f\u00fcr die oben genannten Marketingzwecke f\u00fcr einen angemessenen Zeitraum entsprechend dem Interesse, das die betroffene Person an den Werbema\u00dfnahmen gezeigt hat; dieser Zeitraum betr\u00e4gt 5 Jahre. In jedem Fall trifft das Unternehmen Vorkehrungen, um eine Verwendung der Daten auf unbestimmte Zeit zu vermeiden, und pr\u00fcft von Zeit zu Zeit in geeigneter Weise das Vorliegen des Interesses der betroffenen Person an der Verarbeitung zu Marketingzwecken, wie oben beschrieben.<br><\/p>\n\n\n\n<p><strong>5. Datenkommunikation und -\u00fcbertragung<\/strong><br>Die personenbezogenen Daten werden nur Personen zur Verf\u00fcgung gestellt, die zu ihrer Verarbeitung innerhalb des Unternehmens befugt sind, soweit dies erforderlich ist und f\u00fcr die Zwecke, f\u00fcr die die Verarbeitung zul\u00e4ssig ist.<\/p>\n\n\n\n<p>Ausschlie\u00dflich zu den angegebenen Zwecken k\u00f6nnen die personenbezogenen Daten vom Unternehmen an die zust\u00e4ndigen Justizbeh\u00f6rden, soweit erforderlich, und an die folgenden Kategorien von Empf\u00e4ngern weitergegeben werden:<\/p>\n\n\n\n<ul class=\"wp-block-list\">\n<li>Banken und Kreditinstitute;<\/li>\n\n\n\n<li>Versicherungsgesellschaften;<\/li>\n\n\n\n<li>Rechtsberater;<\/li>\n\n\n\n<li>Steuerberater, Wirtschaftspr\u00fcfer und Buchhalter;<\/li>\n\n\n\n<li>Transportunternehmen;<\/li>\n\n\n\n<li>Inkassounternehmen;<\/li>\n\n\n\n<li>Unternehmen, die finanzielle Risiken aufsp\u00fcren und Betrugsverh\u00fctungsma\u00dfnahmen durchf\u00fchren;<\/li>\n\n\n\n<li>\u00f6ffentliche Verwaltungen und Aufsichts- und Kontrollbeh\u00f6rden;<\/li>\n\n\n\n<li>Unternehmen, die IT-Dienstleistungen anbieten;<\/li>\n\n\n\n<li>Unternehmen, die Sicherheits- und \u00dcberwachungsdienstleistungen anbieten;<\/li>\n\n\n\n<li>kontrollierende Unternehmen und\/oder mit dem Unternehmen verbundene Unternehmen.<\/li>\n<\/ul>\n\n\n\n<p>In Bezug auf die ihnen \u00fcbermittelten personenbezogenen Daten k\u00f6nnen die zu den oben genannten Kategorien geh\u00f6renden Einrichtungen je nach Fall als Datenverarbeiter (in diesem Fall erhalten sie entsprechende Anweisungen von der Gesellschaft) oder als eigenst\u00e4ndiger Datenverantwortlicher t\u00e4tig werden. In letzterem Fall werden die personenbezogenen Daten nur mit der ausdr\u00fccklichen Zustimmung der betroffenen Personen weitergegeben, es sei denn, die Weitergabe ist gesetzlich vorgeschrieben oder zur Verfolgung von Zwecken erforderlich, f\u00fcr die die Zustimmung der betroffenen Person nicht erforderlich ist.<\/p>\n\n\n\n<p>Soweit dies f\u00fcr die Verfolgung der oben genannten Zwecke erforderlich ist, k\u00f6nnen die Daten ins Ausland an Unternehmen mit Sitz innerhalb und au\u00dferhalb der Europ\u00e4ischen Union \u00fcbermittelt werden. In einigen dieser L\u00e4nder bieten die Gerichtsbarkeiten m\u00f6glicherweise nicht das gleiche Datenschutzniveau wie die Gesetze des Landes, in dem die betroffene Person ans\u00e4ssig ist. In diesem Fall verpflichtet sich das Unternehmen, die Daten mit h\u00f6chster Vertraulichkeit verarbeiten zu lassen, indem es gegebenenfalls Vereinbarungen trifft, die ein angemessenes Schutzniveau gew\u00e4hrleisten und\/oder von der Europ\u00e4ischen Kommission genehmigte Standardvertragsklauseln verwendet.<br><\/p>\n\n\n\n<p><strong>6. Vorhandensein automatisierter Entscheidungsprozesse<\/strong><br>Es gibt keinen automatisierten Entscheidungsprozess im Zusammenhang mit den Daten.<br><\/p>\n\n\n\n<p><strong>7. Rechte der betroffenen Person<\/strong><br>Die betroffene Person hat jederzeit das Recht auf Folgendes:<\/p>\n\n\n\n<ul class=\"wp-block-list\">\n<li>vom Unternehmen die Best\u00e4tigung zu erhalten, dass seine personenbezogenen Daten verarbeitet werden oder nicht, und in diesem Fall Zugang zu den in Artikel 15 der DSGVO genannten Informationen zu erhalten;<\/li>\n\n\n\n<li>die Berichtigung von sie betreffenden unrichtigen Daten oder \u2013 unter Ber\u00fccksichtigung der Zwecke der Verarbeitung \u2013 die Vervollst\u00e4ndigung der unvollst\u00e4ndigen Daten zu erwirken;<\/li>\n\n\n\n<li>die L\u00f6schung ihrer Daten zu erwirken, wenn einer der in Artikel 17 der DSGVO genannten Gr\u00fcnde vorliegt, sofern dies der Fall ist.<\/li>\n\n\n\n<li>eine zuvor erteilte Zustimmung jederzeit zu widerrufen. Der Widerruf der Einwilligung hat keinen Einfluss auf die Rechtm\u00e4\u00dfigkeit der Verarbeitung aufgrund der zuvor erteilten Einwilligung;<\/li>\n\n\n\n<li>die Begrenzung der Verarbeitung ihrer Daten zu erwirken, wenn einer der in Artikel 18 der DSGVO genannten F\u00e4lle vorliegt;<\/li>\n\n\n\n<li>gegebenenfalls aus Gr\u00fcnden, die sich auf ihre besondere Stellung beziehen, gegen die Verarbeitung ihrer Daten Einspruch zu erheben;<\/li>\n\n\n\n<li>in den F\u00e4llen und innerhalb der Grenzen, die in Artikel 20 der DSGVO genannt sind, die zuvor \u00fcbermittelten Daten, die sich auf sie beziehen, in einem strukturierten, allgemein gebr\u00e4uchlichen und von einem automatischen Ger\u00e4t lesbaren Format zu erhalten sowie diese Daten an einen anderen Datenverantwortlichen zu \u00fcbermitteln.<\/li>\n<\/ul>\n\n\n\n<p>Das Unternehmen kann vor der Bearbeitung von Anfragen zus\u00e4tzliche Informationen anfordern, wenn es die Identit\u00e4t der Person, die die Anfrage stellt, \u00fcberpr\u00fcfen muss.<\/p>\n\n\n\n<p>Gem\u00e4\u00df der Datenschutz-Grundverordnung ist das Unternehmen nicht berechtigt, Kosten f\u00fcr die Erf\u00fcllung einer der in diesem Absatz aufgef\u00fchrten Anfragen zu verlangen, es sei denn, sie sind offensichtlich unbegr\u00fcndet oder \u00fcbertrieben, insbesondere wenn sie sich wiederholen. In F\u00e4llen, in denen eine betroffene Person mehr als eine Kopie ihrer personenbezogenen Daten verlangt, oder in F\u00e4llen \u00fcberm\u00e4\u00dfiger oder unangemessener Anfragen kann das Unternehmen (i) eine angemessene Geb\u00fchr erheben, wobei die Verwaltungskosten f\u00fcr die Bereitstellung der Informationen oder Mitteilungen oder die Durchf\u00fchrung der angeforderten Ma\u00dfnahmen ber\u00fccksichtigt werden, oder (ii) die Bearbeitung der Anfrage ablehnen. In diesen F\u00e4llen wird das Unternehmen die betroffene Person \u00fcber die Kosten informieren, bevor es den Antrag bearbeitet.<\/p>\n\n\n\n<p>Diese Rechte k\u00f6nnen ausge\u00fcbt werden durch Senden<br>einer Mitteilung per E-Mail an <a href=\"mailto:info.gdpr.international@tyman.com\">info.gdpr.international@tyman.com<\/a>.<\/p>\n\n\n\n<p>Unbeschadet anderer administrativer oder gerichtlicher Ma\u00dfnahmen hat die betroffene Person auch das Recht, eine Beschwerde bei einer Datenschutzbeh\u00f6rde einzureichen, wenn sie der Ansicht ist, dass die Verarbeitung ihrer Daten gegen den Datenschutz-Grundverordnung verst\u00f6\u00dft. Weitere Informationen finden Sie auf der Website <a href=\"http:\/\/www.garanteprivacy.it\">http:\/\/www.garanteprivacy.it<\/a>.<\/p>\n\n\n\n<p>Das Unternehmen verpflichtet sich, alle in dieser Datenschutzrichtlinie festgelegten Verpflichtungen einzuhalten. Betroffene Personen, die die oben genannten Ma\u00dfnahmen oder Beschwerden wahrnehmen m\u00f6chten, werden gebeten, sich an uns zu wenden.<\/p>\n","protected":false},"excerpt":{"rendered":"<p>Gem\u00e4\u00df Artikel 13 der Europ\u00e4ischen Datenschutzgrundverordnung 2016\/679 (\u201eGDPR DSGVO\u201c) stellt Giesse S.p.A. (das \u201eUnternehmen\u201c) die folgenden Informationen in Bezug auf personenbezogene Daten, die vom Benutzer (\u201ebetroffene Person\u201c) w\u00e4hrend der Navigation auf der Website www.tyman-international.com (die \u201eWebsite\u201c) und den entsprechenden Subdomains zur Verf\u00fcgung gestellt werden, bereit. 1. DatenverantwortlicherGiesse SpA, UID 00581811205, eingetragene Firmenadresse Via Tubertini 1 [&hellip;]<\/p>\n","protected":false},"author":1,"featured_media":18378,"parent":0,"menu_order":0,"comment_status":"closed","ping_status":"closed","template":"","meta":{"_acf_changed":false,"footnotes":""},"class_list":["post-22047","page","type-page","status-publish","has-post-thumbnail","hentry"],"acf":[],"_links":{"self":[{"href":"https:\/\/www.tyman-international.com\/de\/wp-json\/wp\/v2\/pages\/22047","targetHints":{"allow":["GET"]}}],"collection":[{"href":"https:\/\/www.tyman-international.com\/de\/wp-json\/wp\/v2\/pages"}],"about":[{"href":"https:\/\/www.tyman-international.com\/de\/wp-json\/wp\/v2\/types\/page"}],"author":[{"embeddable":true,"href":"https:\/\/www.tyman-international.com\/de\/wp-json\/wp\/v2\/users\/1"}],"replies":[{"embeddable":true,"href":"https:\/\/www.tyman-international.com\/de\/wp-json\/wp\/v2\/comments?post=22047"}],"version-history":[{"count":0,"href":"https:\/\/www.tyman-international.com\/de\/wp-json\/wp\/v2\/pages\/22047\/revisions"}],"wp:featuredmedia":[{"embeddable":true,"href":"https:\/\/www.tyman-international.com\/de\/wp-json\/wp\/v2\/media\/18378"}],"wp:attachment":[{"href":"https:\/\/www.tyman-international.com\/de\/wp-json\/wp\/v2\/media?parent=22047"}],"curies":[{"name":"wp","href":"https:\/\/api.w.org\/{rel}","templated":true}]}}