{"id":21803,"date":"2022-01-14T15:51:28","date_gmt":"2022-01-14T15:51:28","guid":{"rendered":"https:\/\/www.tyman-international.com\/loesungen\/antigerm\/"},"modified":"2023-05-08T16:37:38","modified_gmt":"2023-05-08T16:37:38","slug":"antigerm-hygienische-oberflache-fur-griffe","status":"publish","type":"page","link":"https:\/\/www.tyman-international.com\/de\/losungen\/antigerm-hygienische-oberflache-fur-griffe\/","title":{"rendered":"Antigerm"},"content":{"rendered":"\n<p> Antigerm\u2122 ist die exklusive antibakterielle Tyman International Behandlung f\u00fcr Griffe. Sie basiert auf einem Harz, das aus Silberionen und Lack auf Wasserbasis besteht und frei von chemischen L\u00f6sungsmitteln ist. Antigerm\u2122 ist die ideale L\u00f6sung f\u00fcr Anwendungen in Bereichen, bei denen es auf Hygiene ankommt, wie z.\u00a0B. Kinderg\u00e4rten, Pflegeheime, Schulen, Krankenh\u00e4user, Freizeitzentren, Hotels und Labors. <\/p>\n\n\n\n\n<div class=\"epyt-video-wrapper\"><div class=\"lyte-wrapper\" title=\"The antibacterial treatment for handles | Antigerm&trade;\" style=\"width:853px;max-width:100%;margin:5px auto;\"><div class=\"lyMe hidef qsa_\\&amp;enablejsapi\\=1\\&amp;origin\\=https:\/\/www.tyman-international.com\" id=\"WYL_2T6Yj87YWuU\" itemprop=\"video\" itemscope itemtype=\"https:\/\/schema.org\/VideoObject\"><div><meta itemprop=\"thumbnailUrl\" content=\"https:\/\/i.ytimg.com\/vi\/2T6Yj87YWuU\/maxresdefault.jpg\" \/><meta itemprop=\"embedURL\" content=\"https:\/\/www.youtube.com\/embed\/2T6Yj87YWuU\" \/><meta itemprop=\"duration\" content=\"PT49S\" \/><meta itemprop=\"uploadDate\" content=\"2020-04-06T13:43:26Z\" \/><\/div><meta itemprop=\"accessibilityFeature\" content=\"captions\" \/><div id=\"lyte_2T6Yj87YWuU\" data-src=\"https:\/\/i.ytimg.com\/vi\/2T6Yj87YWuU\/maxresdefault.jpg\" class=\"pL\"><div class=\"tC\"><div class=\"tT\" itemprop=\"name\">The antibacterial treatment for handles | Antigerm\u2122<\/div><\/div><div class=\"play\"><\/div><div class=\"ctrl\"><div class=\"Lctrl\"><\/div><div class=\"Rctrl\"><\/div><\/div><\/div><noscript><a href=\"https:\/\/youtu.be\/2T6Yj87YWuU\" rel=\"nofollow\"><img fetchpriority=\"high\" decoding=\"async\" src=\"https:\/\/i.ytimg.com\/vi\/2T6Yj87YWuU\/0.jpg\" alt=\"The antibacterial treatment for handles | Antigerm&trade;\" width=\"853\" height=\"460\" \/><br \/>Dieses Video auf YouTube ansehen<\/a><\/noscript><meta itemprop=\"description\" content=\"Antigerm\u2122 treatment is available on a vast range of handles. Please, contact our Sales Network for more info. Click here for more details: https:\/\/bit.ly\/schlegelgiesse-antigerm-en #SchlegelGiesse #Antigerm #Antibacterial =========================================================== \u041f\u043e\u0441\u0435\u0442\u0438\u0442\u044c \u043d\u0430\u0448 \u0432\u0435\u0431-\u0441\u0430\u0439\u0442: https:\/\/www.schlegelgiesse.com\/ \u041f\u043e\u0434\u043f\u0438\u0441\u0430\u0442\u044c\u0441\u044f \u043d\u0430 \u043d\u0430\u0448\u0438 \u043d\u043e\u0432\u043e\u0441\u0442\u0438: https:\/\/www.schlegelgiesse.com\/subscribe-to-our-newsletter\/ =========================================================== \u0421\u043b\u0435\u0434\u0443\u0439\u0442\u0435 \u0437\u0430 \u043d\u0430\u043c\u0438 \u0432 \u043d\u0430\u0448\u0438\u0445 \u0441\u043e\u0446\u0438\u0430\u043b\u044c\u043d\u044b\u0445 \u043a\u0430\u043d\u0430\u043b\u0430\u0445: - YouTube: \u043f\u043e\u0434\u043f\u0438\u0441\u0430\u0442\u044c\u0441\u044f \u043d\u0430 \u043a\u0430\u043d\u0430\u043b \u0438 \u0430\u043a\u0442\u0438\u0432\u0438\u0440\u043e\u0432\u0430\u0442\u044c \u043a\u043d\u043e\u043f\u043a\u0443 \u0437\u0432\u043e\u043d\u043a\u0430 \ud83d\udd14 https:\/\/www.youtube.com\/channel\/UCKsc4bTj3vPvRDkHjICYToQ?sub_confirmation=1 - LinkedIn: https:\/\/www.linkedin.com\/company\/schlegelgiesse\/\"><\/div><\/div><div class=\"lL\" style=\"max-width:100%;width:853px;margin:5px auto;\"><\/div><\/div>\n\n\n<p><br><strong>Antigerm\u2122 t\u00f6tet 99,99&nbsp;% aller Keime<\/strong> und Bakterien&nbsp;<\/p>\n\n\n\n<div class=\"wp-block-image\"><figure class=\"alignright size-large is-resized\"><img decoding=\"async\" src=\"https:\/\/www.tyman-international.com\/wp-content\/uploads\/2020\/03\/antigerm-kills-99-germs.png\" alt=\"Antigerm t\u00f6tet 99\u00a0% aller Keime\" class=\"wp-image-3691\" width=\"200\" height=\"200\" srcset=\"https:\/\/www.tyman-international.com\/wp-content\/uploads\/2020\/03\/antigerm-kills-99-germs.png 567w, https:\/\/www.tyman-international.com\/wp-content\/uploads\/2020\/03\/antigerm-kills-99-germs-300x300.png 300w, https:\/\/www.tyman-international.com\/wp-content\/uploads\/2020\/03\/antigerm-kills-99-germs-150x150.png 150w\" sizes=\"(max-width: 200px) 100vw, 200px\" \/><figcaption>Antigerm t\u00f6tet 99,99&nbsp;% <br>aller Keime und Bakterien<\/figcaption><\/figure><\/div>\n\n\n\n<p>Statistiken zeigen, dass Keime und Bakterien zu den h\u00e4ufigsten Krankheitsursachen geh\u00f6ren. Sie leben und vermehren sich auf den am h\u00e4ufigsten benutzten Oberfl\u00e4chen und sind zunehmend resistent gegen eine Antibiotika-Behandlung. Kliniken, Schulen, Kinderg\u00e4rten, Seniorenheime und andere \u00f6ffentliche Einrichtungen sind die Orte, an denen Griffe sehr h\u00e4ufig benutzt werden, oft von Risikopersonen wie Kindern oder \u00e4lteren Menschen. Bakterien und Keime k\u00f6nnen sich an diesen Orten schnell ansiedeln und \u00fcber die Griffe verbreiten, was zu schweren Erkrankungen f\u00fchren kann. <\/p>\n\n\n\n<p>Um Griffe herzustellen, die in jeder Umgebung sicher zu verwenden sind, setzt Tyman International die neuesten antibakteriellen Technologien ein und besch\u00e4ftigt ein fachkundiges Team von Chemikern. Diese konzertierten Bem\u00fchungen haben dazu gef\u00fchrt, dass Tyman International seine eigenes markenrechtlich gesch\u00fctztes antibakterielle Behandlungsprodukt, Antigerm\u2122, entwickelt hat, das rund um die Uhr funktioniert, keine Wartung erfordert und 99,99\u00a0% aller Keime und Bakterien abt\u00f6tet. <\/p>\n\n\n<h2><strong>Wie funktioniert Antigerm\u2122?<\/strong>&nbsp;<\/h2>\n<p><!-- \/wp:post-content --> <!-- wp:paragraph --><\/p>\n<p>Die behandelten Griffe geben langsam Silberionen ab, die innerhalb von Minuten mehr als 650 Keimarten abt\u00f6ten, darunter Escherichia Coli, Legionella Pneumoniae, Salmonella Enteritidis und andere. Die Ionen sind f\u00fcr Menschen absolut ungef\u00e4hrlich \u2013 sie greifen nur Bakterien an, indem sie ihre Reproduktionsf\u00e4higkeit blockieren.<\/p>\n<p><!-- \/wp:paragraph --> <!-- wp:image {\"id\":3689,\"width\":580,\"height\":318,\"sizeSlug\":\"large\"} --><\/p>\n<figure class=\"wp-block-image size-large is-resized\"><img decoding=\"async\" class=\"wp-image-3689\" src=\"https:\/\/www.tyman-international.com\/wp-content\/uploads\/2020\/03\/antigerm-action.png\" alt=\"How Antigerm works\" width=\"580\" height=\"318\" srcset=\"https:\/\/www.tyman-international.com\/wp-content\/uploads\/2020\/03\/antigerm-action.png 682w, https:\/\/www.tyman-international.com\/wp-content\/uploads\/2020\/03\/antigerm-action-300x165.png 300w\" sizes=\"(max-width: 580px) 100vw, 580px\" \/><\/figure>\n<p><!-- \/wp:image --> <!-- wp:paragraph --><\/p>\n<p>Die Antigerm\u2122-Behandlung ist f\u00fcr eine Vielzahl von Griffen erh\u00e4ltlich. Weitere Informationen erhalten Sie \u00fcber unser Vertriebsnetz.<\/p>\n<p><!-- \/wp:paragraph --><\/p>\n<p><!-- wp:heading --><\/p>\n<h2><strong>Antigerm\u2122 wurde von unabh\u00e4ngigen Stellen getestet<\/strong>&nbsp;<\/h2>\n<p><!-- \/wp:heading --><\/p>\n<p><!-- wp:paragraph --><\/p>\n<p>Die antibakterielle Griffbehandlung Antigerm\u2122 ist von den internationalen Laboratorien von IMSL Ltd (<a href=\"https:\/\/www.imsl-uk.com\/en\/default.htm\" target=\"_blank\" rel=\"noreferrer noopener\" aria-label=\"UK Industrial Microbiological Services Limited (opens in a new tab)\">UK Industrial Microbiological Services Limited<\/a>) in \u00dcbereinstimmung mit den Anforderungen der ISO&nbsp;22196:2007 (Messung von antibakterieller Aktivit\u00e4t) zertifiziert.<\/p>\n<p><!-- \/wp:paragraph --><\/p>\n<p><!-- wp:paragraph --><\/p>\n<p>Die antibakterielle Behandlung Antigerm\u2122 wurde entsprechend der EN-1670-Zertifizierung auf Salzspr\u00fchnebelkorrosionsbest\u00e4ndigkeit getestet.<\/p>\n<p><!-- \/wp:paragraph --><\/p>\n<p><!-- wp:paragraph --><\/p>\n<p><!-- \/wp:paragraph --><\/p>\n<p><!-- wp:paragraph {\"fontSize\":\"small\"} --><\/p>\n<p><!-- \/wp:paragraph --><\/p>\n<p><!-- wp:paragraph {\"fontSize\":\"small\"} --><\/p>\n<p class=\"has-small-font-size\">\n<\/p><p><!-- \/wp:paragraph --><\/p>\n<p><!-- wp:paragraph {\"fontSize\":\"small\"} --><\/p>\n<p class=\"has-small-font-size\">Das Antigerm\u2122-Logo ist eine in der Europ\u00e4ischen Union, Brasilien, der Schweiz, China, Israel, Japan, Norwegen und der Russischen F\u00f6deration eingetragene Marke von Reguitti.<\/p>\n<p><!-- \/wp:paragraph --><\/p>","protected":false},"excerpt":{"rendered":"<p>Antigerm\u2122 ist die exklusive antibakterielle Tyman International Behandlung f\u00fcr Griffe. Sie basiert auf einem Harz, das aus Silberionen und Lack auf Wasserbasis besteht und frei von chemischen L\u00f6sungsmitteln ist. Antigerm\u2122 ist die ideale L\u00f6sung f\u00fcr Anwendungen in Bereichen, bei denen es auf Hygiene ankommt, wie z.\u00a0B. Kinderg\u00e4rten, Pflegeheime, Schulen, Krankenh\u00e4user, Freizeitzentren, Hotels und Labors. Antigerm\u2122 [&hellip;]<\/p>\n","protected":false},"author":1,"featured_media":16825,"parent":21789,"menu_order":10,"comment_status":"closed","ping_status":"closed","template":"template-solutions-child.php","meta":{"_acf_changed":false,"footnotes":""},"class_list":["post-21803","page","type-page","status-publish","has-post-thumbnail","hentry"],"acf":[],"_links":{"self":[{"href":"https:\/\/www.tyman-international.com\/de\/wp-json\/wp\/v2\/pages\/21803","targetHints":{"allow":["GET"]}}],"collection":[{"href":"https:\/\/www.tyman-international.com\/de\/wp-json\/wp\/v2\/pages"}],"about":[{"href":"https:\/\/www.tyman-international.com\/de\/wp-json\/wp\/v2\/types\/page"}],"author":[{"embeddable":true,"href":"https:\/\/www.tyman-international.com\/de\/wp-json\/wp\/v2\/users\/1"}],"replies":[{"embeddable":true,"href":"https:\/\/www.tyman-international.com\/de\/wp-json\/wp\/v2\/comments?post=21803"}],"version-history":[{"count":0,"href":"https:\/\/www.tyman-international.com\/de\/wp-json\/wp\/v2\/pages\/21803\/revisions"}],"up":[{"embeddable":true,"href":"https:\/\/www.tyman-international.com\/de\/wp-json\/wp\/v2\/pages\/21789"}],"wp:featuredmedia":[{"embeddable":true,"href":"https:\/\/www.tyman-international.com\/de\/wp-json\/wp\/v2\/media\/16825"}],"wp:attachment":[{"href":"https:\/\/www.tyman-international.com\/de\/wp-json\/wp\/v2\/media?parent=21803"}],"curies":[{"name":"wp","href":"https:\/\/api.w.org\/{rel}","templated":true}]}}